{"id":325096,"date":"2022-01-20T10:38:47","date_gmt":"2022-01-20T08:38:47","guid":{"rendered":"https:\/\/games.tactic.net\/tuote\/word-rush\/"},"modified":"2023-11-16T15:07:27","modified_gmt":"2023-11-16T13:07:27","slug":"word-rush","status":"archive","type":"product","link":"https:\/\/games.tactic.net\/no\/tuote\/word-rush\/","title":{"rendered":"Word Rush"},"content":{"rendered":"<div>Legg ni bokstavkort p\u00e5 spillbrettet. Snu opp et kategorikort og sett i gang timeglasset! Du m\u00e5 komme opp med ord ved \u00e5 bruke en av bokstavene,<\/div>\n<div>men jo lenger tid du bruker, jo mer tid vil den neste spilleren f\u00e5!<\/div>\n<div><\/div>\n<div>\u2022 Den enkle spilldynamikken og klare regler gj\u00f8r Word Rush til en umiddelbar klassiker!<\/div>\n<div>\u2022 Timeglasset holder spillerne p\u00e5 t\u00e5 hev.<\/div>\n<div>\u2022 Et klassisk bokstavspill med masser av spenning!<\/div>\n","protected":false},"excerpt":{"rendered":"<p>Legg ni bokstavkort p\u00e5 spillbrettet. Snu opp et kategorikort og sett i gang timeglasset! Du m\u00e5 komme opp med ord ved \u00e5 bruke en av bokstavene, men jo lenger tid du bruker, jo mer tid vil den neste spilleren f\u00e5!<\/p>\n","protected":false},"featured_media":0,"template":"","meta":{"content-type":"","_monsterinsights_skip_tracking":false,"_monsterinsights_sitenote_active":false,"_monsterinsights_sitenote_note":"","_monsterinsights_sitenote_category":0},"product_brand":[],"product_cat":[1619,685],"product_tag":[],"brand":[],"target-group":[],"discontinued":[],"class_list":{"0":"post-325096","1":"product","2":"type-product","3":"status-archive","5":"product_cat-brettspill","6":"product_cat-voksenspill","8":"first","9":"outofstock","10":"taxable","11":"shipping-taxable","12":"product-type-simple"},"aioseo_notices":[],"_links":{"self":[{"href":"https:\/\/games.tactic.net\/no\/wp-json\/wp\/v2\/product\/325096","targetHints":{"allow":["GET"]}}],"collection":[{"href":"https:\/\/games.tactic.net\/no\/wp-json\/wp\/v2\/product"}],"about":[{"href":"https:\/\/games.tactic.net\/no\/wp-json\/wp\/v2\/types\/product"}],"wp:attachment":[{"href":"https:\/\/games.tactic.net\/no\/wp-json\/wp\/v2\/media?parent=325096"}],"wp:term":[{"taxonomy":"product_brand","embeddable":true,"href":"https:\/\/games.tactic.net\/no\/wp-json\/wp\/v2\/product_brand?post=325096"},{"taxonomy":"product_cat","embeddable":true,"href":"https:\/\/games.tactic.net\/no\/wp-json\/wp\/v2\/product_cat?post=325096"},{"taxonomy":"product_tag","embeddable":true,"href":"https:\/\/games.tactic.net\/no\/wp-json\/wp\/v2\/product_tag?post=325096"},{"taxonomy":"brand","embeddable":true,"href":"https:\/\/games.tactic.net\/no\/wp-json\/wp\/v2\/brand?post=325096"},{"taxonomy":"target-group","embeddable":true,"href":"https:\/\/games.tactic.net\/no\/wp-json\/wp\/v2\/target-group?post=325096"},{"taxonomy":"discontinued","embeddable":true,"href":"https:\/\/games.tactic.net\/no\/wp-json\/wp\/v2\/discontinued?post=325096"}],"curies":[{"name":"wp","href":"https:\/\/api.w.org\/{rel}","templated":true}]}}