{"id":324787,"date":"2022-01-20T10:37:33","date_gmt":"2022-01-20T08:37:33","guid":{"rendered":"https:\/\/games.tactic.net\/tuote\/kokkelimonke-original\/"},"modified":"2022-03-23T11:18:43","modified_gmt":"2022-03-23T09:18:43","slug":"kokkelimonke-original","status":"archive","type":"product","link":"https:\/\/games.tactic.net\/no\/tuote\/kokkelimonke-original\/","title":{"rendered":"Kokkelimonke Original"},"content":{"rendered":"<p>Pr\u00f8v \u00e5 komme med den villeste, men ogs\u00e5 den mest troverdige forklaringen p\u00e5 faktaene p\u00e5 kortene! Spilleren som er best til \u00e5 bl\u00f8ffe vinner!<\/p>\n<li>Inneholder en stor mengde interessante sp\u00f8rsm\u00e5l og svar.<\/li>\n<li>Bruk din fantasi!<\/li>\n<li>Morsomt p\u00e5 enhver spillkveld!<\/li>\n","protected":false},"excerpt":{"rendered":"<p>Pr\u00f8v \u00e5 komme med den villeste, men ogs\u00e5 den mest troverdige forklaringen p\u00e5 faktaene p\u00e5 kortene! Spilleren som er best til \u00e5 bl\u00f8ffe vinner!<\/p>\n<li>Inneholder en stor mengde interessante sp\u00f8rsm\u00e5l og svar.<\/li>\n<li>Bruk din fantasi!<\/li>\n<li>Morsomt p\u00e5 enhver spillkveld!<\/li>\n","protected":false},"featured_media":0,"template":"","meta":{"content-type":"","_monsterinsights_skip_tracking":false,"_monsterinsights_sitenote_active":false,"_monsterinsights_sitenote_note":"","_monsterinsights_sitenote_category":0},"product_brand":[],"product_cat":[1662,1661],"product_tag":[],"brand":[],"target-group":[],"discontinued":[],"class_list":{"0":"post-324787","1":"product","2":"type-product","3":"status-archive","5":"product_cat-partyspill","6":"product_cat-selskapsspill-voksenspill","8":"first","9":"outofstock","10":"taxable","11":"shipping-taxable","12":"product-type-simple"},"aioseo_notices":[],"_links":{"self":[{"href":"https:\/\/games.tactic.net\/no\/wp-json\/wp\/v2\/product\/324787","targetHints":{"allow":["GET"]}}],"collection":[{"href":"https:\/\/games.tactic.net\/no\/wp-json\/wp\/v2\/product"}],"about":[{"href":"https:\/\/games.tactic.net\/no\/wp-json\/wp\/v2\/types\/product"}],"wp:attachment":[{"href":"https:\/\/games.tactic.net\/no\/wp-json\/wp\/v2\/media?parent=324787"}],"wp:term":[{"taxonomy":"product_brand","embeddable":true,"href":"https:\/\/games.tactic.net\/no\/wp-json\/wp\/v2\/product_brand?post=324787"},{"taxonomy":"product_cat","embeddable":true,"href":"https:\/\/games.tactic.net\/no\/wp-json\/wp\/v2\/product_cat?post=324787"},{"taxonomy":"product_tag","embeddable":true,"href":"https:\/\/games.tactic.net\/no\/wp-json\/wp\/v2\/product_tag?post=324787"},{"taxonomy":"brand","embeddable":true,"href":"https:\/\/games.tactic.net\/no\/wp-json\/wp\/v2\/brand?post=324787"},{"taxonomy":"target-group","embeddable":true,"href":"https:\/\/games.tactic.net\/no\/wp-json\/wp\/v2\/target-group?post=324787"},{"taxonomy":"discontinued","embeddable":true,"href":"https:\/\/games.tactic.net\/no\/wp-json\/wp\/v2\/discontinued?post=324787"}],"curies":[{"name":"wp","href":"https:\/\/api.w.org\/{rel}","templated":true}]}}