{"id":324644,"date":"2022-01-20T10:36:41","date_gmt":"2022-01-20T08:36:41","guid":{"rendered":"https:\/\/games.tactic.net\/tuote\/iknow-utrolige-verden\/"},"modified":"2023-11-16T15:06:19","modified_gmt":"2023-11-16T13:06:19","slug":"iknow-utrolige-verden","status":"archive","type":"product","link":"https:\/\/games.tactic.net\/no\/tuote\/iknow-utrolige-verden\/","title":{"rendered":"iKNOW Utrolige verden"},"content":{"rendered":"<p>Vinn poeng ved \u00e5 besvare sp\u00f8rsm\u00e5lene riktig p\u00e5 ditt valgte niv\u00e5 og ekstrapoeng p\u00e5 \u00e5 gjette de andre spillernes suksess.<br \/>\n<br \/>Inneholder fascinerende sp\u00f8rsm\u00e5l fra spesialiserte omr\u00e5der. Kommer i en hendig, kompakt st\u00f8rrelse! Fremdeles med den h\u00f8ye kvaliteten fra det opprinnelige spillet.<\/p>\n","protected":false},"excerpt":{"rendered":"<p>Vinn poeng ved \u00e5 besvare sp\u00f8rsm\u00e5lene riktig p\u00e5 ditt valgte niv\u00e5 og ekstrapoeng p\u00e5 \u00e5 gjette de andre spillernes suksess.<\/p>\n","protected":false},"featured_media":0,"template":"","meta":{"content-type":"","_monsterinsights_skip_tracking":false,"_monsterinsights_sitenote_active":false,"_monsterinsights_sitenote_note":"","_monsterinsights_sitenote_category":0},"product_brand":[],"product_cat":[1665,1664],"product_tag":[1274],"brand":[{"id":2092,"name":"iKNOW","slug":"iknow_no"}],"target-group":[],"discontinued":[],"class_list":{"0":"post-324644","1":"product","2":"type-product","3":"status-archive","5":"product_cat-sporrespill-voksenspill","6":"product_cat-sporrespill","7":"product_tag-kunnskap","8":"brand-iknow_no","10":"first","11":"outofstock","12":"taxable","13":"shipping-taxable","14":"product-type-simple"},"aioseo_notices":[],"_links":{"self":[{"href":"https:\/\/games.tactic.net\/no\/wp-json\/wp\/v2\/product\/324644","targetHints":{"allow":["GET"]}}],"collection":[{"href":"https:\/\/games.tactic.net\/no\/wp-json\/wp\/v2\/product"}],"about":[{"href":"https:\/\/games.tactic.net\/no\/wp-json\/wp\/v2\/types\/product"}],"wp:attachment":[{"href":"https:\/\/games.tactic.net\/no\/wp-json\/wp\/v2\/media?parent=324644"}],"wp:term":[{"taxonomy":"product_brand","embeddable":true,"href":"https:\/\/games.tactic.net\/no\/wp-json\/wp\/v2\/product_brand?post=324644"},{"taxonomy":"product_cat","embeddable":true,"href":"https:\/\/games.tactic.net\/no\/wp-json\/wp\/v2\/product_cat?post=324644"},{"taxonomy":"product_tag","embeddable":true,"href":"https:\/\/games.tactic.net\/no\/wp-json\/wp\/v2\/product_tag?post=324644"},{"taxonomy":"brand","embeddable":true,"href":"https:\/\/games.tactic.net\/no\/wp-json\/wp\/v2\/brand?post=324644"},{"taxonomy":"target-group","embeddable":true,"href":"https:\/\/games.tactic.net\/no\/wp-json\/wp\/v2\/target-group?post=324644"},{"taxonomy":"discontinued","embeddable":true,"href":"https:\/\/games.tactic.net\/no\/wp-json\/wp\/v2\/discontinued?post=324644"}],"curies":[{"name":"wp","href":"https:\/\/api.w.org\/{rel}","templated":true}]}}