{"id":320646,"date":"2022-01-20T09:34:27","date_gmt":"2022-01-20T07:34:27","guid":{"rendered":"https:\/\/games.tactic.net\/tuote\/go-go-eskimo\/"},"modified":"2023-09-19T09:47:13","modified_gmt":"2023-09-19T06:47:13","slug":"go-go-eskimo","status":"archive","type":"product","link":"https:\/\/games.tactic.net\/no\/tuote\/go-go-eskimo\/","title":{"rendered":"Go Go Eskimo"},"content":{"rendered":"<div>Flytt eventyrerne langs stiene, og pr\u00f8v \u00e5 samle<br \/>\ns\u00e5 mange fiskeskiver av samme slag som mulig!<br \/>\nSpilleren som har den beste samlede fangsten p\u00e5<br \/>\nslutten av spillet, vinner! Bruk litt strategi og h\u00e5p<br \/>\np\u00e5 det beste for \u00e5 vinne dette eventyret for hele<br \/>\nfamilien!<\/div>\n<div><\/div>\n<div>\u2022 Leveres med h\u00f8ykvalitets trebrikker og en isbj\u00f8rn.<\/div>\n<div>\u2022 Isbj\u00f8rnen skaper mer spenning.<\/div>\n<div>\u2022 Spennende spill, designet av en<br \/>\nprisvinnende spilldesigner!<\/div>\n","protected":false},"excerpt":{"rendered":"<p>Flytt eventyrerne langs stiene, og pr\u00f8v \u00e5 samle s\u00e5 mange fiskeskiver av samme slag som mulig! Spilleren som har den beste samlede fangsten p\u00e5 slutten av spillet, vinner! Bruk litt strategi og h\u00e5p p\u00e5 det beste for \u00e5 vinne dette eventyret for hele familien!<\/p>\n","protected":false},"featured_media":0,"template":"","meta":{"content-type":"","_monsterinsights_skip_tracking":false,"_monsterinsights_sitenote_active":false,"_monsterinsights_sitenote_note":"","_monsterinsights_sitenote_category":0},"product_brand":[],"product_cat":[1619,1826],"product_tag":[1267,974],"brand":[],"target-group":[],"discontinued":[],"class_list":{"0":"post-320646","1":"product","2":"type-product","3":"status-archive","5":"product_cat-brettspill","6":"product_cat-salg","7":"product_tag-sammen-no","8":"product_tag-taktikk","10":"first","11":"instock","12":"sale","13":"taxable","14":"shipping-taxable","15":"product-type-simple"},"aioseo_notices":[],"_links":{"self":[{"href":"https:\/\/games.tactic.net\/no\/wp-json\/wp\/v2\/product\/320646","targetHints":{"allow":["GET"]}}],"collection":[{"href":"https:\/\/games.tactic.net\/no\/wp-json\/wp\/v2\/product"}],"about":[{"href":"https:\/\/games.tactic.net\/no\/wp-json\/wp\/v2\/types\/product"}],"wp:attachment":[{"href":"https:\/\/games.tactic.net\/no\/wp-json\/wp\/v2\/media?parent=320646"}],"wp:term":[{"taxonomy":"product_brand","embeddable":true,"href":"https:\/\/games.tactic.net\/no\/wp-json\/wp\/v2\/product_brand?post=320646"},{"taxonomy":"product_cat","embeddable":true,"href":"https:\/\/games.tactic.net\/no\/wp-json\/wp\/v2\/product_cat?post=320646"},{"taxonomy":"product_tag","embeddable":true,"href":"https:\/\/games.tactic.net\/no\/wp-json\/wp\/v2\/product_tag?post=320646"},{"taxonomy":"brand","embeddable":true,"href":"https:\/\/games.tactic.net\/no\/wp-json\/wp\/v2\/brand?post=320646"},{"taxonomy":"target-group","embeddable":true,"href":"https:\/\/games.tactic.net\/no\/wp-json\/wp\/v2\/target-group?post=320646"},{"taxonomy":"discontinued","embeddable":true,"href":"https:\/\/games.tactic.net\/no\/wp-json\/wp\/v2\/discontinued?post=320646"}],"curies":[{"name":"wp","href":"https:\/\/api.w.org\/{rel}","templated":true}]}}