{"id":320589,"date":"2022-01-20T09:34:13","date_gmt":"2022-01-20T07:34:13","guid":{"rendered":"https:\/\/games.tactic.net\/tuote\/gold-armada\/"},"modified":"2023-06-30T12:50:12","modified_gmt":"2023-06-30T09:50:12","slug":"gold-armada","status":"archive","type":"product","link":"https:\/\/games.tactic.net\/no\/tuote\/gold-armada\/","title":{"rendered":"Gold Armada"},"content":{"rendered":"<div>Kast terningene og pr\u00f8v \u00e5 samle s\u00e5 mange gullmynter som mulig! Jo bedre du kaster, jo vanskeligere er det \u00e5 samle flere mynter. Suksessfulle kast blir bel\u00f8nnet med gull, men mislykkede kast vil gj\u00f8re at du f\u00e5r en hodeskallesjetong.<\/div>\n<div><\/div>\n<div>\u2022 Likefrem spilldynamikk som blir mer utfordrende etter hvert som spillet utvikler seg.<\/div>\n<div>\u2022 Passende for hele familien!<\/div>\n<div>\u2022 Kommer med et fantastisk flott og fargerikt spillbrett!<\/div>\n","protected":false},"excerpt":{"rendered":"<p>Kast terningene og pr\u00f8v \u00e5 samle s\u00e5 mange gullmynter som mulig! Jo bedre du kaster, jo vanskeligere er det \u00e5 samle flere mynter. Suksessfulle kast blir bel\u00f8nnet med gull, men mislykkede kast vil gj\u00f8re at du f\u00e5r en hodeskallesjetong.<\/p>\n","protected":false},"featured_media":0,"template":"","meta":{"content-type":"","_monsterinsights_skip_tracking":false,"_monsterinsights_sitenote_active":false,"_monsterinsights_sitenote_note":"","_monsterinsights_sitenote_category":0},"product_brand":[],"product_cat":[1619],"product_tag":[358,974],"brand":[],"target-group":[],"discontinued":[],"class_list":{"0":"post-320589","1":"product","2":"type-product","3":"status-archive","5":"product_cat-brettspill","6":"product_tag-beregning","7":"product_tag-taktikk","9":"first","10":"outofstock","11":"taxable","12":"shipping-taxable","13":"product-type-simple"},"aioseo_notices":[],"_links":{"self":[{"href":"https:\/\/games.tactic.net\/no\/wp-json\/wp\/v2\/product\/320589","targetHints":{"allow":["GET"]}}],"collection":[{"href":"https:\/\/games.tactic.net\/no\/wp-json\/wp\/v2\/product"}],"about":[{"href":"https:\/\/games.tactic.net\/no\/wp-json\/wp\/v2\/types\/product"}],"wp:attachment":[{"href":"https:\/\/games.tactic.net\/no\/wp-json\/wp\/v2\/media?parent=320589"}],"wp:term":[{"taxonomy":"product_brand","embeddable":true,"href":"https:\/\/games.tactic.net\/no\/wp-json\/wp\/v2\/product_brand?post=320589"},{"taxonomy":"product_cat","embeddable":true,"href":"https:\/\/games.tactic.net\/no\/wp-json\/wp\/v2\/product_cat?post=320589"},{"taxonomy":"product_tag","embeddable":true,"href":"https:\/\/games.tactic.net\/no\/wp-json\/wp\/v2\/product_tag?post=320589"},{"taxonomy":"brand","embeddable":true,"href":"https:\/\/games.tactic.net\/no\/wp-json\/wp\/v2\/brand?post=320589"},{"taxonomy":"target-group","embeddable":true,"href":"https:\/\/games.tactic.net\/no\/wp-json\/wp\/v2\/target-group?post=320589"},{"taxonomy":"discontinued","embeddable":true,"href":"https:\/\/games.tactic.net\/no\/wp-json\/wp\/v2\/discontinued?post=320589"}],"curies":[{"name":"wp","href":"https:\/\/api.w.org\/{rel}","templated":true}]}}