{"id":320532,"date":"2022-01-20T09:33:59","date_gmt":"2022-01-20T07:33:59","guid":{"rendered":"https:\/\/games.tactic.net\/tuote\/totem\/"},"modified":"2023-12-12T10:40:22","modified_gmt":"2023-12-12T08:40:22","slug":"totem","status":"archive","type":"product","link":"https:\/\/games.tactic.net\/no\/tuote\/totem\/","title":{"rendered":"Totem"},"content":{"rendered":"<p>Dette enkle men geniale spillet gir spillerne et kappl\u00f8p til den andre enden av spillbrettet, mens de m\u00e5 unng\u00e5 veggene som fortsetter \u00e5 dukke opp!<br \/>\nKommer med imponerende trebrikker.<br \/>\nSpillerne kan bruke strategi og taktikk.<br \/>\nDen unike spilldynamikken fortsetter \u00e5 endre spillet.<\/p>\n","protected":false},"excerpt":{"rendered":"<p>Dette enkle men geniale spillet gir spillerne et kappl\u00f8p til den andre enden av spillbrettet, mens de m\u00e5 unng\u00e5 veggene som fortsetter \u00e5 dukke opp!<\/p>\n","protected":false},"featured_media":0,"template":"","meta":{"content-type":"","_monsterinsights_skip_tracking":false,"_monsterinsights_sitenote_active":false,"_monsterinsights_sitenote_note":"","_monsterinsights_sitenote_category":0},"product_brand":[],"product_cat":[1619],"product_tag":[1239,974],"brand":[],"target-group":[],"discontinued":[],"class_list":{"0":"post-320532","1":"product","2":"type-product","3":"status-archive","5":"product_cat-brettspill","6":"product_tag-strategi-no","7":"product_tag-taktikk","9":"first","10":"outofstock","11":"taxable","12":"shipping-taxable","13":"product-type-simple"},"aioseo_notices":[],"_links":{"self":[{"href":"https:\/\/games.tactic.net\/no\/wp-json\/wp\/v2\/product\/320532","targetHints":{"allow":["GET"]}}],"collection":[{"href":"https:\/\/games.tactic.net\/no\/wp-json\/wp\/v2\/product"}],"about":[{"href":"https:\/\/games.tactic.net\/no\/wp-json\/wp\/v2\/types\/product"}],"wp:attachment":[{"href":"https:\/\/games.tactic.net\/no\/wp-json\/wp\/v2\/media?parent=320532"}],"wp:term":[{"taxonomy":"product_brand","embeddable":true,"href":"https:\/\/games.tactic.net\/no\/wp-json\/wp\/v2\/product_brand?post=320532"},{"taxonomy":"product_cat","embeddable":true,"href":"https:\/\/games.tactic.net\/no\/wp-json\/wp\/v2\/product_cat?post=320532"},{"taxonomy":"product_tag","embeddable":true,"href":"https:\/\/games.tactic.net\/no\/wp-json\/wp\/v2\/product_tag?post=320532"},{"taxonomy":"brand","embeddable":true,"href":"https:\/\/games.tactic.net\/no\/wp-json\/wp\/v2\/brand?post=320532"},{"taxonomy":"target-group","embeddable":true,"href":"https:\/\/games.tactic.net\/no\/wp-json\/wp\/v2\/target-group?post=320532"},{"taxonomy":"discontinued","embeddable":true,"href":"https:\/\/games.tactic.net\/no\/wp-json\/wp\/v2\/discontinued?post=320532"}],"curies":[{"name":"wp","href":"https:\/\/api.w.org\/{rel}","templated":true}]}}