{"id":318806,"date":"2022-01-20T09:18:57","date_gmt":"2022-01-20T07:18:57","guid":{"rendered":"https:\/\/games.tactic.net\/tuote\/choco-2\/"},"modified":"2022-01-20T09:18:57","modified_gmt":"2022-01-20T07:18:57","slug":"choco-2","status":"archive","type":"product","link":"https:\/\/games.tactic.net\/no\/tuote\/choco-2\/","title":{"rendered":"Choco"},"content":{"rendered":"<p>Choco er en herlig artig hukommelsesspill, hvor m\u00e5ler er \u00e5 samle s\u00e5 mange pean\u00f8tter som mulig. Et trykk p\u00e5 Pop-O-Matic terningen vil si om du f\u00e5r plukke et kirseb\u00e6r eller en pean\u00f8tt, men pass p\u00e5! Det gr\u00f8nne krypet \u00f8nsker \u00e5 spise alle brikkene dine! Spilleren med flest Choco brikker ved spillets slutt blir erkl\u00e6rt vinner! I 2013 feirer denne klassikeren sitt 35-\u00e5rsjubileum!<\/p>\n","protected":false},"excerpt":{"rendered":"<p>En Tactic-klassiker for alle med sans for det s\u00f8te!<\/p>\n","protected":false},"featured_media":0,"template":"","meta":{"content-type":"","_monsterinsights_skip_tracking":false,"_monsterinsights_sitenote_active":false,"_monsterinsights_sitenote_note":"","_monsterinsights_sitenote_category":0},"product_brand":[],"product_cat":[1651],"product_tag":[1255],"brand":[],"target-group":[],"discontinued":[],"class_list":{"0":"post-318806","1":"product","2":"type-product","3":"status-archive","5":"product_cat-memospill","6":"product_tag-pedagogisk-no","8":"first","9":"outofstock","10":"taxable","11":"shipping-taxable","12":"product-type-simple"},"aioseo_notices":[],"_links":{"self":[{"href":"https:\/\/games.tactic.net\/no\/wp-json\/wp\/v2\/product\/318806","targetHints":{"allow":["GET"]}}],"collection":[{"href":"https:\/\/games.tactic.net\/no\/wp-json\/wp\/v2\/product"}],"about":[{"href":"https:\/\/games.tactic.net\/no\/wp-json\/wp\/v2\/types\/product"}],"wp:attachment":[{"href":"https:\/\/games.tactic.net\/no\/wp-json\/wp\/v2\/media?parent=318806"}],"wp:term":[{"taxonomy":"product_brand","embeddable":true,"href":"https:\/\/games.tactic.net\/no\/wp-json\/wp\/v2\/product_brand?post=318806"},{"taxonomy":"product_cat","embeddable":true,"href":"https:\/\/games.tactic.net\/no\/wp-json\/wp\/v2\/product_cat?post=318806"},{"taxonomy":"product_tag","embeddable":true,"href":"https:\/\/games.tactic.net\/no\/wp-json\/wp\/v2\/product_tag?post=318806"},{"taxonomy":"brand","embeddable":true,"href":"https:\/\/games.tactic.net\/no\/wp-json\/wp\/v2\/brand?post=318806"},{"taxonomy":"target-group","embeddable":true,"href":"https:\/\/games.tactic.net\/no\/wp-json\/wp\/v2\/target-group?post=318806"},{"taxonomy":"discontinued","embeddable":true,"href":"https:\/\/games.tactic.net\/no\/wp-json\/wp\/v2\/discontinued?post=318806"}],"curies":[{"name":"wp","href":"https:\/\/api.w.org\/{rel}","templated":true}]}}