{"id":318355,"date":"2022-01-20T09:12:47","date_gmt":"2022-01-20T07:12:47","guid":{"rendered":"https:\/\/games.tactic.net\/tuote\/masha-race-to-the-tree-house\/"},"modified":"2023-11-16T15:13:27","modified_gmt":"2023-11-16T13:13:27","slug":"masha-race-to-the-tree-house","status":"archive","type":"product","link":"https:\/\/games.tactic.net\/no\/tuote\/masha-race-to-the-tree-house\/","title":{"rendered":"Masha Race to the Tree House"},"content":{"rendered":"<p>Bli med Masha, bj\u00f8rnen og de tre vennene deres i kappl\u00f8pet mot bj\u00f8rnens hus i treet. Se etter stiger som kan hjelpe deg raskere fremover, men husk at andre stiger kan sende deg bakover. F\u00f8rstemann til toppen vinner.<\/p>\n<p>\u2022 Spennende kappl\u00f8p mot toppen<br \/>\n\u2022 Moro for hele familien<\/p>\n","protected":false},"excerpt":{"rendered":"<p>Bli med Masha, bj\u00f8rnen og de tre vennene deres i kappl\u00f8pet mot bj\u00f8rnens hus i treet. Se etter stiger som kan hjelpe deg raskere fremover, men husk at andre stiger kan sende deg bakover. F\u00f8rstemann til toppen vinner.<\/p>\n","protected":false},"featured_media":0,"template":"","meta":{"content-type":"","_monsterinsights_skip_tracking":false,"_monsterinsights_sitenote_active":false,"_monsterinsights_sitenote_note":"","_monsterinsights_sitenote_category":0},"product_brand":[],"product_cat":[1649],"product_tag":[],"brand":[],"target-group":[],"discontinued":[],"class_list":{"0":"post-318355","1":"product","2":"type-product","3":"status-archive","5":"product_cat-barnespill-barnespill","7":"first","8":"outofstock","9":"taxable","10":"shipping-taxable","11":"product-type-simple"},"aioseo_notices":[],"_links":{"self":[{"href":"https:\/\/games.tactic.net\/no\/wp-json\/wp\/v2\/product\/318355","targetHints":{"allow":["GET"]}}],"collection":[{"href":"https:\/\/games.tactic.net\/no\/wp-json\/wp\/v2\/product"}],"about":[{"href":"https:\/\/games.tactic.net\/no\/wp-json\/wp\/v2\/types\/product"}],"wp:attachment":[{"href":"https:\/\/games.tactic.net\/no\/wp-json\/wp\/v2\/media?parent=318355"}],"wp:term":[{"taxonomy":"product_brand","embeddable":true,"href":"https:\/\/games.tactic.net\/no\/wp-json\/wp\/v2\/product_brand?post=318355"},{"taxonomy":"product_cat","embeddable":true,"href":"https:\/\/games.tactic.net\/no\/wp-json\/wp\/v2\/product_cat?post=318355"},{"taxonomy":"product_tag","embeddable":true,"href":"https:\/\/games.tactic.net\/no\/wp-json\/wp\/v2\/product_tag?post=318355"},{"taxonomy":"brand","embeddable":true,"href":"https:\/\/games.tactic.net\/no\/wp-json\/wp\/v2\/brand?post=318355"},{"taxonomy":"target-group","embeddable":true,"href":"https:\/\/games.tactic.net\/no\/wp-json\/wp\/v2\/target-group?post=318355"},{"taxonomy":"discontinued","embeddable":true,"href":"https:\/\/games.tactic.net\/no\/wp-json\/wp\/v2\/discontinued?post=318355"}],"curies":[{"name":"wp","href":"https:\/\/api.w.org\/{rel}","templated":true}]}}