{"id":318326,"date":"2022-01-20T09:12:36","date_gmt":"2022-01-20T07:12:36","guid":{"rendered":"https:\/\/games.tactic.net\/tuote\/masha-and-the-bear-in-the-forest\/"},"modified":"2022-02-09T13:49:25","modified_gmt":"2022-02-09T11:49:25","slug":"masha-and-the-bear-in-the-forest","status":"archive","type":"product","link":"https:\/\/games.tactic.net\/no\/tuote\/masha-and-the-bear-in-the-forest\/","title":{"rendered":"Masha and the Bear in the forest"},"content":{"rendered":"<p>Bli med og spill dette morsomme memo-spillet. \u00abPopp\u00bb terningen og snu kort fra bunken. Hvis kortet matcher bilde p\u00e5 terningen, kan du beholde det. Deretter snur du en av b\u00e6rbrikkene p\u00e5 spillebrettet. Hvis brikken matcher bilde p\u00e5 terningen , kan du beholde den. Spillet fortsetter til det bare et er b\u00e6r igjen p\u00e5 spillebrettt.<\/p>\n<p>\u2022 Morsomt memospill for hele familien.<\/p>\n","protected":false},"excerpt":{"rendered":"<p>Bli med og spill dette morsomme memo-spillet. \u00abPopp\u00bb terningen og snu kort fra bunken. Hvis kortet matcher bilde p\u00e5 terningen, kan du beholde det. Deretter snur du en av b\u00e6rbrikkene p\u00e5 spillebrettet. Hvis brikken matcher bilde p\u00e5 terningen , kan du beholde den. Spillet fortsetter til det bare et er b\u00e6r igjen p\u00e5 spillebrettt.<\/p>\n","protected":false},"featured_media":0,"template":"","meta":{"content-type":"","_monsterinsights_skip_tracking":false,"_monsterinsights_sitenote_active":false,"_monsterinsights_sitenote_note":"","_monsterinsights_sitenote_category":0},"product_brand":[],"product_cat":[1649],"product_tag":[],"brand":[],"target-group":[],"discontinued":[],"class_list":{"0":"post-318326","1":"product","2":"type-product","3":"status-archive","5":"product_cat-barnespill-barnespill","7":"first","8":"outofstock","9":"taxable","10":"shipping-taxable","11":"product-type-simple"},"aioseo_notices":[],"_links":{"self":[{"href":"https:\/\/games.tactic.net\/no\/wp-json\/wp\/v2\/product\/318326","targetHints":{"allow":["GET"]}}],"collection":[{"href":"https:\/\/games.tactic.net\/no\/wp-json\/wp\/v2\/product"}],"about":[{"href":"https:\/\/games.tactic.net\/no\/wp-json\/wp\/v2\/types\/product"}],"wp:attachment":[{"href":"https:\/\/games.tactic.net\/no\/wp-json\/wp\/v2\/media?parent=318326"}],"wp:term":[{"taxonomy":"product_brand","embeddable":true,"href":"https:\/\/games.tactic.net\/no\/wp-json\/wp\/v2\/product_brand?post=318326"},{"taxonomy":"product_cat","embeddable":true,"href":"https:\/\/games.tactic.net\/no\/wp-json\/wp\/v2\/product_cat?post=318326"},{"taxonomy":"product_tag","embeddable":true,"href":"https:\/\/games.tactic.net\/no\/wp-json\/wp\/v2\/product_tag?post=318326"},{"taxonomy":"brand","embeddable":true,"href":"https:\/\/games.tactic.net\/no\/wp-json\/wp\/v2\/brand?post=318326"},{"taxonomy":"target-group","embeddable":true,"href":"https:\/\/games.tactic.net\/no\/wp-json\/wp\/v2\/target-group?post=318326"},{"taxonomy":"discontinued","embeddable":true,"href":"https:\/\/games.tactic.net\/no\/wp-json\/wp\/v2\/discontinued?post=318326"}],"curies":[{"name":"wp","href":"https:\/\/api.w.org\/{rel}","templated":true}]}}