{"id":318227,"date":"2022-01-20T09:12:02","date_gmt":"2022-01-20T07:12:02","guid":{"rendered":"https:\/\/games.tactic.net\/tuote\/speedy-beedy\/"},"modified":"2023-02-01T11:07:30","modified_gmt":"2023-02-01T09:07:30","slug":"speedy-beedy","status":"archive","type":"product","link":"https:\/\/games.tactic.net\/no\/tuote\/speedy-beedy\/","title":{"rendered":"Speedy Beedy"},"content":{"rendered":"<div>La bien din summe over enga og snappe opp de riktige blomstene f\u00f8rst!<\/div>\n<div>Snu opp et kort for \u00e5 se i hvilken rekkef\u00f8lge blomstene m\u00e5 plukkes,<\/div>\n<div>men gj\u00f8r det kjapt \u2013 for den raskeste bien f\u00e5r et poeng!<\/div>\n<div>Et morsomt og spennende spill for yngre spillere om \u00e5 finne hva som h\u00f8rer sammen.<\/div>\n<div>\u2022 Inneholder slitesterke bier og blomster i plast.<\/div>\n<div>\u2022 Spillet er enkelt \u00e5 l\u00e6re og egner seg for sv\u00e6rt unge spillere.<\/div>\n<div>\u2022 Pass deg for billen som pr\u00f8ver \u00e5 \u00f8delegge for deg!<\/div>\n","protected":false},"excerpt":{"rendered":"<div>La bien din summe over enga og snappe opp de riktige blomstene f\u00f8rst!<\/div>\n<div>Snu opp et kort for \u00e5 se i hvilken rekkef\u00f8lge blomstene m\u00e5 plukkes,<\/div>\n<div>men gj\u00f8r det kjapt \u2013 for den raskeste bien f\u00e5r et poeng!<\/div>\n","protected":false},"featured_media":0,"template":"","meta":{"content-type":"","_monsterinsights_skip_tracking":false,"_monsterinsights_sitenote_active":false,"_monsterinsights_sitenote_note":"","_monsterinsights_sitenote_category":0},"product_brand":[],"product_cat":[1649],"product_tag":[318,1255],"brand":[],"target-group":[],"discontinued":[],"class_list":{"0":"post-318227","1":"product","2":"type-product","3":"status-archive","5":"product_cat-barnespill-barnespill","6":"product_tag-hastighet","7":"product_tag-pedagogisk-no","9":"first","10":"outofstock","11":"taxable","12":"shipping-taxable","13":"product-type-simple"},"aioseo_notices":[],"_links":{"self":[{"href":"https:\/\/games.tactic.net\/no\/wp-json\/wp\/v2\/product\/318227","targetHints":{"allow":["GET"]}}],"collection":[{"href":"https:\/\/games.tactic.net\/no\/wp-json\/wp\/v2\/product"}],"about":[{"href":"https:\/\/games.tactic.net\/no\/wp-json\/wp\/v2\/types\/product"}],"wp:attachment":[{"href":"https:\/\/games.tactic.net\/no\/wp-json\/wp\/v2\/media?parent=318227"}],"wp:term":[{"taxonomy":"product_brand","embeddable":true,"href":"https:\/\/games.tactic.net\/no\/wp-json\/wp\/v2\/product_brand?post=318227"},{"taxonomy":"product_cat","embeddable":true,"href":"https:\/\/games.tactic.net\/no\/wp-json\/wp\/v2\/product_cat?post=318227"},{"taxonomy":"product_tag","embeddable":true,"href":"https:\/\/games.tactic.net\/no\/wp-json\/wp\/v2\/product_tag?post=318227"},{"taxonomy":"brand","embeddable":true,"href":"https:\/\/games.tactic.net\/no\/wp-json\/wp\/v2\/brand?post=318227"},{"taxonomy":"target-group","embeddable":true,"href":"https:\/\/games.tactic.net\/no\/wp-json\/wp\/v2\/target-group?post=318227"},{"taxonomy":"discontinued","embeddable":true,"href":"https:\/\/games.tactic.net\/no\/wp-json\/wp\/v2\/discontinued?post=318227"}],"curies":[{"name":"wp","href":"https:\/\/api.w.org\/{rel}","templated":true}]}}