{"id":205162,"date":"2021-10-05T12:42:08","date_gmt":"2021-10-05T09:42:08","guid":{"rendered":"http:\/\/dev.tactic.net\/tuote\/petanque-i-treskrin\/"},"modified":"2023-09-27T20:33:22","modified_gmt":"2023-09-27T17:33:22","slug":"petanque-i-treskrin","status":"publish","type":"product","link":"https:\/\/games.tactic.net\/no\/tuote\/petanque-i-treskrin\/","title":{"rendered":"Petanque i treskrin"},"content":{"rendered":"<p>Petanque er et klassisk fransk utend\u00f8rsspill. Sikt godt, og kast s\u00e5 presist du kan slik at kula lander n\u00e6r \u00abgrisen\u00bb av tre!<br \/>\nPetanque i h\u00f8y kvalitet i et stilig treskrin.<br \/>\nEnkelt \u00e5 b\u00e6re med seg.<\/p>\n","protected":false},"excerpt":{"rendered":"<p>Petanque er et klassisk fransk utend\u00f8rsspill. Sikt godt, og kast s\u00e5 presist du kan slik at kula lander n\u00e6r \u00abgrisen\u00bb av tre!<\/p>\n","protected":false},"featured_media":0,"template":"","meta":{"content-type":"","_monsterinsights_skip_tracking":false,"_monsterinsights_sitenote_active":false,"_monsterinsights_sitenote_note":"","_monsterinsights_sitenote_category":0},"product_brand":[],"product_cat":[1691],"product_tag":[383,307],"brand":[],"target-group":[],"discontinued":[],"class_list":{"0":"post-205162","1":"product","2":"type-product","3":"status-publish","5":"product_cat-andre-utespill-utespill-og-leker","6":"product_tag-ferdighet","7":"product_tag-funksjon","9":"first","10":"instock","11":"taxable","12":"shipping-taxable","13":"product-type-simple"},"aioseo_notices":[],"_links":{"self":[{"href":"https:\/\/games.tactic.net\/no\/wp-json\/wp\/v2\/product\/205162","targetHints":{"allow":["GET"]}}],"collection":[{"href":"https:\/\/games.tactic.net\/no\/wp-json\/wp\/v2\/product"}],"about":[{"href":"https:\/\/games.tactic.net\/no\/wp-json\/wp\/v2\/types\/product"}],"wp:attachment":[{"href":"https:\/\/games.tactic.net\/no\/wp-json\/wp\/v2\/media?parent=205162"}],"wp:term":[{"taxonomy":"product_brand","embeddable":true,"href":"https:\/\/games.tactic.net\/no\/wp-json\/wp\/v2\/product_brand?post=205162"},{"taxonomy":"product_cat","embeddable":true,"href":"https:\/\/games.tactic.net\/no\/wp-json\/wp\/v2\/product_cat?post=205162"},{"taxonomy":"product_tag","embeddable":true,"href":"https:\/\/games.tactic.net\/no\/wp-json\/wp\/v2\/product_tag?post=205162"},{"taxonomy":"brand","embeddable":true,"href":"https:\/\/games.tactic.net\/no\/wp-json\/wp\/v2\/brand?post=205162"},{"taxonomy":"target-group","embeddable":true,"href":"https:\/\/games.tactic.net\/no\/wp-json\/wp\/v2\/target-group?post=205162"},{"taxonomy":"discontinued","embeddable":true,"href":"https:\/\/games.tactic.net\/no\/wp-json\/wp\/v2\/discontinued?post=205162"}],"curies":[{"name":"wp","href":"https:\/\/api.w.org\/{rel}","templated":true}]}}