{"id":205076,"date":"2021-10-05T12:38:20","date_gmt":"2021-10-05T09:38:20","guid":{"rendered":"http:\/\/dev.tactic.net\/tuote\/molkky-go\/"},"modified":"2023-10-06T18:30:42","modified_gmt":"2023-10-06T15:30:42","slug":"molkky-go","status":"publish","type":"product","link":"https:\/\/games.tactic.net\/no\/tuote\/molkky-go\/","title":{"rendered":"M\u00f6lkky\u00ae GO throwing game"},"content":{"rendered":"<p>Plasser kjeglene i formasjon og kast M\u00f6lkky\u00ae-pinnen. For \u00e5 vinne m\u00e5 du skaffe deg akkurat 50 poeng &#8211; g\u00e5r du over, m\u00e5 du ned til 25 igjen. Oppdatert utseende og ny forpakningsst\u00f8rrelse Last ned Score Tracker appen for enkel poengscoring!<\/p>\n","protected":false},"excerpt":{"rendered":"<p>Plasser kjeglene i formasjon og kast M\u00f6lkky\u00ae-pinnen.<\/p>\n","protected":false},"featured_media":0,"template":"","meta":{"content-type":"","_monsterinsights_skip_tracking":false,"_monsterinsights_sitenote_active":false,"_monsterinsights_sitenote_note":"","_monsterinsights_sitenote_category":0},"product_brand":[],"product_cat":[1694],"product_tag":[358,1251,1239,974],"brand":[{"id":1345,"name":"M\u00f6lkky","slug":"molkky_no"}],"target-group":[],"discontinued":[],"class_list":{"0":"post-205076","1":"product","2":"type-product","3":"status-publish","5":"product_cat-spill-molkky-utespill-og-leker","6":"product_tag-beregning","7":"product_tag-ferdighet-no","8":"product_tag-strategi-no","9":"product_tag-taktikk","10":"brand-molkky_no","12":"first","13":"outofstock","14":"taxable","15":"shipping-taxable","16":"product-type-simple"},"aioseo_notices":[],"_links":{"self":[{"href":"https:\/\/games.tactic.net\/no\/wp-json\/wp\/v2\/product\/205076","targetHints":{"allow":["GET"]}}],"collection":[{"href":"https:\/\/games.tactic.net\/no\/wp-json\/wp\/v2\/product"}],"about":[{"href":"https:\/\/games.tactic.net\/no\/wp-json\/wp\/v2\/types\/product"}],"wp:attachment":[{"href":"https:\/\/games.tactic.net\/no\/wp-json\/wp\/v2\/media?parent=205076"}],"wp:term":[{"taxonomy":"product_brand","embeddable":true,"href":"https:\/\/games.tactic.net\/no\/wp-json\/wp\/v2\/product_brand?post=205076"},{"taxonomy":"product_cat","embeddable":true,"href":"https:\/\/games.tactic.net\/no\/wp-json\/wp\/v2\/product_cat?post=205076"},{"taxonomy":"product_tag","embeddable":true,"href":"https:\/\/games.tactic.net\/no\/wp-json\/wp\/v2\/product_tag?post=205076"},{"taxonomy":"brand","embeddable":true,"href":"https:\/\/games.tactic.net\/no\/wp-json\/wp\/v2\/brand?post=205076"},{"taxonomy":"target-group","embeddable":true,"href":"https:\/\/games.tactic.net\/no\/wp-json\/wp\/v2\/target-group?post=205076"},{"taxonomy":"discontinued","embeddable":true,"href":"https:\/\/games.tactic.net\/no\/wp-json\/wp\/v2\/discontinued?post=205076"}],"curies":[{"name":"wp","href":"https:\/\/api.w.org\/{rel}","templated":true}]}}