{"id":205033,"date":"2021-10-05T12:36:50","date_gmt":"2021-10-05T09:36:50","guid":{"rendered":"http:\/\/dev.tactic.net\/tuote\/kubb-i-pappeske\/"},"modified":"2023-10-17T19:30:39","modified_gmt":"2023-10-17T16:30:39","slug":"kubb-i-pappeske","status":"publish","type":"product","link":"https:\/\/games.tactic.net\/no\/tuote\/kubb-i-pappeske\/","title":{"rendered":"Active Play Kubb"},"content":{"rendered":"<p>Sett opp trebrikkene, og bruk kastepinnene til \u00e5 sl\u00e5 motstanderens pinner over ende. Men husk: hvis du sl\u00e5r Kongen over ende f\u00f8r tiden, taper du spillet. Oppdatert utseende og ny forpakningsst\u00f8rrelse. Krever taktikk og ferdighet.<\/p>\n","protected":false},"excerpt":{"rendered":"<p>Sett opp trebrikkene, og bruk kastepinnene til \u00e5 sl\u00e5 motstanderens pinner over ende. Men husk: hvis du sl\u00e5r Kongen over ende f\u00f8r tiden, taper du spillet.<\/p>\n","protected":false},"featured_media":0,"template":"","meta":{"content-type":"","_monsterinsights_skip_tracking":false,"_monsterinsights_sitenote_active":false,"_monsterinsights_sitenote_note":"","_monsterinsights_sitenote_category":0},"product_brand":[],"product_cat":[1656,1695],"product_tag":[1251],"brand":[],"target-group":[],"discontinued":[],"class_list":{"0":"post-205033","1":"product","2":"type-product","3":"status-publish","5":"product_cat-active-play-barnespill","6":"product_cat-active-play-utespill-og-leker-2","7":"product_tag-ferdighet-no","9":"first","10":"instock","11":"taxable","12":"shipping-taxable","13":"product-type-simple"},"aioseo_notices":[],"_links":{"self":[{"href":"https:\/\/games.tactic.net\/no\/wp-json\/wp\/v2\/product\/205033","targetHints":{"allow":["GET"]}}],"collection":[{"href":"https:\/\/games.tactic.net\/no\/wp-json\/wp\/v2\/product"}],"about":[{"href":"https:\/\/games.tactic.net\/no\/wp-json\/wp\/v2\/types\/product"}],"wp:attachment":[{"href":"https:\/\/games.tactic.net\/no\/wp-json\/wp\/v2\/media?parent=205033"}],"wp:term":[{"taxonomy":"product_brand","embeddable":true,"href":"https:\/\/games.tactic.net\/no\/wp-json\/wp\/v2\/product_brand?post=205033"},{"taxonomy":"product_cat","embeddable":true,"href":"https:\/\/games.tactic.net\/no\/wp-json\/wp\/v2\/product_cat?post=205033"},{"taxonomy":"product_tag","embeddable":true,"href":"https:\/\/games.tactic.net\/no\/wp-json\/wp\/v2\/product_tag?post=205033"},{"taxonomy":"brand","embeddable":true,"href":"https:\/\/games.tactic.net\/no\/wp-json\/wp\/v2\/brand?post=205033"},{"taxonomy":"target-group","embeddable":true,"href":"https:\/\/games.tactic.net\/no\/wp-json\/wp\/v2\/target-group?post=205033"},{"taxonomy":"discontinued","embeddable":true,"href":"https:\/\/games.tactic.net\/no\/wp-json\/wp\/v2\/discontinued?post=205033"}],"curies":[{"name":"wp","href":"https:\/\/api.w.org\/{rel}","templated":true}]}}