{"id":205018,"date":"2021-10-05T12:35:56","date_gmt":"2021-10-05T09:35:56","guid":{"rendered":"http:\/\/dev.tactic.net\/tuote\/kubb-i-treskrin\/"},"modified":"2023-10-06T18:37:21","modified_gmt":"2023-10-06T15:37:21","slug":"kubb-i-treskrin","status":"publish","type":"product","link":"https:\/\/games.tactic.net\/no\/tuote\/kubb-i-treskrin\/","title":{"rendered":"Kubb i treskrin"},"content":{"rendered":"<p>Kubb er en popul\u00e6r utend\u00f8rslek der m\u00e5let er \u00e5 velte tre kubber ved \u00e5 kaste pinner p\u00e5 dem. Velt kubbene og kongen \u2013 men v\u00e6r forsiktig, for hvis du velter kongen f\u00f8r alle de andre kubbene har falt, vinner motspilleren.<\/p>\n","protected":false},"excerpt":{"rendered":"<p>Kubb er en popul\u00e6r utend\u00f8rslek der m\u00e5let er \u00e5 velte tre kubber ved \u00e5 kaste pinner p\u00e5 dem. Velt kubbene og kongen \u2013 men v\u00e6r forsiktig, for hvis du velter kongen f\u00f8r alle de andre kubbene har falt, vinner motspilleren.<\/p>\n","protected":false},"featured_media":0,"template":"","meta":{"content-type":"","_monsterinsights_skip_tracking":false,"_monsterinsights_sitenote_active":false,"_monsterinsights_sitenote_note":"","_monsterinsights_sitenote_category":0},"product_brand":[],"product_cat":[1691],"product_tag":[1251,1221],"brand":[],"target-group":[],"discontinued":[],"class_list":{"0":"post-205018","1":"product","2":"type-product","3":"status-publish","5":"product_cat-andre-utespill-utespill-og-leker","6":"product_tag-ferdighet-no","7":"product_tag-funksjon-no","9":"first","10":"instock","11":"taxable","12":"shipping-taxable","13":"product-type-simple"},"aioseo_notices":[],"_links":{"self":[{"href":"https:\/\/games.tactic.net\/no\/wp-json\/wp\/v2\/product\/205018","targetHints":{"allow":["GET"]}}],"collection":[{"href":"https:\/\/games.tactic.net\/no\/wp-json\/wp\/v2\/product"}],"about":[{"href":"https:\/\/games.tactic.net\/no\/wp-json\/wp\/v2\/types\/product"}],"wp:attachment":[{"href":"https:\/\/games.tactic.net\/no\/wp-json\/wp\/v2\/media?parent=205018"}],"wp:term":[{"taxonomy":"product_brand","embeddable":true,"href":"https:\/\/games.tactic.net\/no\/wp-json\/wp\/v2\/product_brand?post=205018"},{"taxonomy":"product_cat","embeddable":true,"href":"https:\/\/games.tactic.net\/no\/wp-json\/wp\/v2\/product_cat?post=205018"},{"taxonomy":"product_tag","embeddable":true,"href":"https:\/\/games.tactic.net\/no\/wp-json\/wp\/v2\/product_tag?post=205018"},{"taxonomy":"brand","embeddable":true,"href":"https:\/\/games.tactic.net\/no\/wp-json\/wp\/v2\/brand?post=205018"},{"taxonomy":"target-group","embeddable":true,"href":"https:\/\/games.tactic.net\/no\/wp-json\/wp\/v2\/target-group?post=205018"},{"taxonomy":"discontinued","embeddable":true,"href":"https:\/\/games.tactic.net\/no\/wp-json\/wp\/v2\/discontinued?post=205018"}],"curies":[{"name":"wp","href":"https:\/\/api.w.org\/{rel}","templated":true}]}}