{"id":204975,"date":"2021-10-05T12:33:35","date_gmt":"2021-10-05T09:33:35","guid":{"rendered":"http:\/\/dev.tactic.net\/tuote\/xl-yatzy\/"},"modified":"2023-10-06T18:29:26","modified_gmt":"2023-10-06T15:29:26","slug":"xl-yatzy","status":"publish","type":"product","link":"https:\/\/games.tactic.net\/no\/tuote\/xl-yatzy\/","title":{"rendered":"XL Yatzy throwing game"},"content":{"rendered":"<p>Kast de fem terningene i fors\u00f8k p\u00e5 \u00e5 danne kombinasjonene p\u00e5 poengblokken. Spilleren med den h\u00f8yeste poengscoren ved spillets slutt, vinner.<br \/>\nEn st\u00f8rre versjon av det klassiske terningspillet!<br \/>\nKommer med store terninger i tre!<br \/>\nTydelig poengblokk gj\u00f8r spillingen enkel og allsidig.<\/p>\n","protected":false},"excerpt":{"rendered":"<p>Utend\u00f8rs moro med store terninger! Det klassiske favoritterningspillet, Yatzy, er tilpasset utend\u00f8rsmoro! N\u00e5r det regner om sommeren, er folk ofte innend\u00f8rs og spiller spill. N\u00e5r solen skinner n\u00e5, g\u00e5r du ut og spiller! De store treterningene kan ikke mistes; de er enkle \u00e5 tolke og morsomme \u00e5 kaste!<\/p>\n","protected":false},"featured_media":0,"template":"","meta":{"content-type":"","_monsterinsights_skip_tracking":false,"_monsterinsights_sitenote_active":false,"_monsterinsights_sitenote_note":"","_monsterinsights_sitenote_category":0},"product_brand":[],"product_cat":[1656,1695],"product_tag":[358,1233],"brand":[],"target-group":[],"discontinued":[],"class_list":{"0":"post-204975","1":"product","2":"type-product","3":"status-publish","5":"product_cat-active-play-barnespill","6":"product_cat-active-play-utespill-og-leker-2","7":"product_tag-beregning","8":"product_tag-kombinere-no","10":"first","11":"instock","12":"taxable","13":"shipping-taxable","14":"product-type-simple"},"aioseo_notices":[],"_links":{"self":[{"href":"https:\/\/games.tactic.net\/no\/wp-json\/wp\/v2\/product\/204975","targetHints":{"allow":["GET"]}}],"collection":[{"href":"https:\/\/games.tactic.net\/no\/wp-json\/wp\/v2\/product"}],"about":[{"href":"https:\/\/games.tactic.net\/no\/wp-json\/wp\/v2\/types\/product"}],"wp:attachment":[{"href":"https:\/\/games.tactic.net\/no\/wp-json\/wp\/v2\/media?parent=204975"}],"wp:term":[{"taxonomy":"product_brand","embeddable":true,"href":"https:\/\/games.tactic.net\/no\/wp-json\/wp\/v2\/product_brand?post=204975"},{"taxonomy":"product_cat","embeddable":true,"href":"https:\/\/games.tactic.net\/no\/wp-json\/wp\/v2\/product_cat?post=204975"},{"taxonomy":"product_tag","embeddable":true,"href":"https:\/\/games.tactic.net\/no\/wp-json\/wp\/v2\/product_tag?post=204975"},{"taxonomy":"brand","embeddable":true,"href":"https:\/\/games.tactic.net\/no\/wp-json\/wp\/v2\/brand?post=204975"},{"taxonomy":"target-group","embeddable":true,"href":"https:\/\/games.tactic.net\/no\/wp-json\/wp\/v2\/target-group?post=204975"},{"taxonomy":"discontinued","embeddable":true,"href":"https:\/\/games.tactic.net\/no\/wp-json\/wp\/v2\/discontinued?post=204975"}],"curies":[{"name":"wp","href":"https:\/\/api.w.org\/{rel}","templated":true}]}}