{"id":204904,"date":"2021-10-05T12:30:33","date_gmt":"2021-10-05T09:30:33","guid":{"rendered":"http:\/\/dev.tactic.net\/tuote\/krokket-med-dyr\/"},"modified":"2025-03-03T10:00:28","modified_gmt":"2025-03-03T08:00:28","slug":"krokket-med-dyr","status":"archive","type":"product","link":"https:\/\/games.tactic.net\/no\/tuote\/krokket-med-dyr\/","title":{"rendered":"Active Play Krokket med dyr"},"content":{"rendered":"<p>Dette morsomme og tradisjonsrike spillet kan spilles b\u00e5de innend\u00f8rs og utend\u00f8rs. Plasser dyreb\u00f8ylene p\u00e5 gresset eller gulvet, og pr\u00f8v \u00e5 sl\u00e5 trekuler gjennom dem med en k\u00f8lle.<br \/>\nB\u00f8yler, kuler og k\u00f8ller av tre.<br \/>\nS\u00f8te dyrefigurer.<br \/>\nMye moro for alle sammen.<\/p>\n","protected":false},"excerpt":{"rendered":"<p>Dette morsomme og tradisjonsrike spillet kan spilles b\u00e5de innend\u00f8rs og utend\u00f8rs. Plasser dyreb\u00f8ylene p\u00e5 gresset eller gulvet, og pr\u00f8v \u00e5 sl\u00e5 trekuler gjennom dem med en k\u00f8lle.<\/p>\n","protected":false},"featured_media":0,"template":"","meta":{"content-type":"","_monsterinsights_skip_tracking":false,"_monsterinsights_sitenote_active":false,"_monsterinsights_sitenote_note":"","_monsterinsights_sitenote_category":0},"product_brand":[],"product_cat":[1656,1695],"product_tag":[1251],"brand":[],"target-group":[],"discontinued":[],"class_list":{"0":"post-204904","1":"product","2":"type-product","3":"status-archive","5":"product_cat-active-play-barnespill","6":"product_cat-active-play-utespill-og-leker-2","7":"product_tag-ferdighet-no","9":"first","10":"outofstock","11":"taxable","12":"shipping-taxable","13":"product-type-simple"},"aioseo_notices":[],"_links":{"self":[{"href":"https:\/\/games.tactic.net\/no\/wp-json\/wp\/v2\/product\/204904","targetHints":{"allow":["GET"]}}],"collection":[{"href":"https:\/\/games.tactic.net\/no\/wp-json\/wp\/v2\/product"}],"about":[{"href":"https:\/\/games.tactic.net\/no\/wp-json\/wp\/v2\/types\/product"}],"wp:attachment":[{"href":"https:\/\/games.tactic.net\/no\/wp-json\/wp\/v2\/media?parent=204904"}],"wp:term":[{"taxonomy":"product_brand","embeddable":true,"href":"https:\/\/games.tactic.net\/no\/wp-json\/wp\/v2\/product_brand?post=204904"},{"taxonomy":"product_cat","embeddable":true,"href":"https:\/\/games.tactic.net\/no\/wp-json\/wp\/v2\/product_cat?post=204904"},{"taxonomy":"product_tag","embeddable":true,"href":"https:\/\/games.tactic.net\/no\/wp-json\/wp\/v2\/product_tag?post=204904"},{"taxonomy":"brand","embeddable":true,"href":"https:\/\/games.tactic.net\/no\/wp-json\/wp\/v2\/brand?post=204904"},{"taxonomy":"target-group","embeddable":true,"href":"https:\/\/games.tactic.net\/no\/wp-json\/wp\/v2\/target-group?post=204904"},{"taxonomy":"discontinued","embeddable":true,"href":"https:\/\/games.tactic.net\/no\/wp-json\/wp\/v2\/discontinued?post=204904"}],"curies":[{"name":"wp","href":"https:\/\/api.w.org\/{rel}","templated":true}]}}