{"id":204791,"date":"2021-10-05T12:24:57","date_gmt":"2021-10-05T09:24:57","guid":{"rendered":"http:\/\/dev.tactic.net\/tuote\/fotballkrokket\/"},"modified":"2025-04-17T11:20:26","modified_gmt":"2025-04-17T08:20:26","slug":"fotballkrokket","status":"archive","type":"product","link":"https:\/\/games.tactic.net\/no\/tuote\/fotballkrokket\/","title":{"rendered":"Active Play Fotballkrokket"},"content":{"rendered":"<p>Klassisk krokket har f\u00e5tt en fartsfylt oppdatering \u2013 og resultatet er fotballkrokket! Pr\u00f8v \u00e5 sende ballen din gjennom portene f\u00f8rst, og pass opp for de andre spillernes pasninger.<\/p>\n","protected":false},"excerpt":{"rendered":"<p>Klassisk krokket har f\u00e5tt en fartsfylt oppdatering \u2013 og resultatet er fotballkrokket! Pr\u00f8v \u00e5 sende ballen din gjennom portene f\u00f8rst, og pass opp for de andre spillernes pasninger.<\/p>\n","protected":false},"featured_media":0,"template":"","meta":{"content-type":"","_monsterinsights_skip_tracking":false,"_monsterinsights_sitenote_active":false,"_monsterinsights_sitenote_note":"","_monsterinsights_sitenote_category":0},"product_brand":[],"product_cat":[1656,1695],"product_tag":[1251,1221],"brand":[],"target-group":[],"discontinued":[],"class_list":{"0":"post-204791","1":"product","2":"type-product","3":"status-archive","5":"product_cat-active-play-barnespill","6":"product_cat-active-play-utespill-og-leker-2","7":"product_tag-ferdighet-no","8":"product_tag-funksjon-no","10":"first","11":"outofstock","12":"taxable","13":"shipping-taxable","14":"product-type-simple"},"aioseo_notices":[],"_links":{"self":[{"href":"https:\/\/games.tactic.net\/no\/wp-json\/wp\/v2\/product\/204791","targetHints":{"allow":["GET"]}}],"collection":[{"href":"https:\/\/games.tactic.net\/no\/wp-json\/wp\/v2\/product"}],"about":[{"href":"https:\/\/games.tactic.net\/no\/wp-json\/wp\/v2\/types\/product"}],"wp:attachment":[{"href":"https:\/\/games.tactic.net\/no\/wp-json\/wp\/v2\/media?parent=204791"}],"wp:term":[{"taxonomy":"product_brand","embeddable":true,"href":"https:\/\/games.tactic.net\/no\/wp-json\/wp\/v2\/product_brand?post=204791"},{"taxonomy":"product_cat","embeddable":true,"href":"https:\/\/games.tactic.net\/no\/wp-json\/wp\/v2\/product_cat?post=204791"},{"taxonomy":"product_tag","embeddable":true,"href":"https:\/\/games.tactic.net\/no\/wp-json\/wp\/v2\/product_tag?post=204791"},{"taxonomy":"brand","embeddable":true,"href":"https:\/\/games.tactic.net\/no\/wp-json\/wp\/v2\/brand?post=204791"},{"taxonomy":"target-group","embeddable":true,"href":"https:\/\/games.tactic.net\/no\/wp-json\/wp\/v2\/target-group?post=204791"},{"taxonomy":"discontinued","embeddable":true,"href":"https:\/\/games.tactic.net\/no\/wp-json\/wp\/v2\/discontinued?post=204791"}],"curies":[{"name":"wp","href":"https:\/\/api.w.org\/{rel}","templated":true}]}}