{"id":204776,"date":"2021-10-05T12:24:07","date_gmt":"2021-10-05T09:24:07","guid":{"rendered":"http:\/\/dev.tactic.net\/tuote\/zlamball\/"},"modified":"2023-10-17T19:40:22","modified_gmt":"2023-10-17T16:40:22","slug":"zlamball","status":"publish","type":"product","link":"https:\/\/games.tactic.net\/no\/tuote\/zlamball\/","title":{"rendered":"Active Play Zlamball"},"content":{"rendered":"<p>V\u00e5rens st\u00f8rste suksesspill spilles med en ball og en trampoline! I Zlamball sender du ballen til partneren mens du pr\u00f8ver \u00e5 unnvike motstanderne, men den m\u00e5 treffe trampolinen etter tre ber\u00f8ringer, ellers f\u00e5r motstanderlaget poeng. Dette er et spill med h\u00f8y hastighet og h\u00f8y energi som dere stadig tar fram igjen!<\/p>\n","protected":false},"excerpt":{"rendered":"<p>V\u00e5rens st\u00f8rste suksesspill spilles med en ball og en trampoline! I Zlamball sender du ballen til partneren mens du pr\u00f8ver \u00e5 unnvike motstanderne, men den m\u00e5 treffe trampolinen etter tre ber\u00f8ringer, ellers f\u00e5r motstanderlaget poeng. Dette er et spill med h\u00f8y hastighet og h\u00f8y energi som dere stadig tar fram igjen!<\/p>\n","protected":false},"featured_media":0,"template":"","meta":{"content-type":"","_monsterinsights_skip_tracking":false,"_monsterinsights_sitenote_active":false,"_monsterinsights_sitenote_note":"","_monsterinsights_sitenote_category":0},"product_brand":[],"product_cat":[1695],"product_tag":[1251,1221],"brand":[],"target-group":[],"discontinued":[],"class_list":{"0":"post-204776","1":"product","2":"type-product","3":"status-publish","5":"product_cat-active-play-utespill-og-leker-2","6":"product_tag-ferdighet-no","7":"product_tag-funksjon-no","9":"first","10":"instock","11":"taxable","12":"shipping-taxable","13":"product-type-simple"},"aioseo_notices":[],"_links":{"self":[{"href":"https:\/\/games.tactic.net\/no\/wp-json\/wp\/v2\/product\/204776","targetHints":{"allow":["GET"]}}],"collection":[{"href":"https:\/\/games.tactic.net\/no\/wp-json\/wp\/v2\/product"}],"about":[{"href":"https:\/\/games.tactic.net\/no\/wp-json\/wp\/v2\/types\/product"}],"wp:attachment":[{"href":"https:\/\/games.tactic.net\/no\/wp-json\/wp\/v2\/media?parent=204776"}],"wp:term":[{"taxonomy":"product_brand","embeddable":true,"href":"https:\/\/games.tactic.net\/no\/wp-json\/wp\/v2\/product_brand?post=204776"},{"taxonomy":"product_cat","embeddable":true,"href":"https:\/\/games.tactic.net\/no\/wp-json\/wp\/v2\/product_cat?post=204776"},{"taxonomy":"product_tag","embeddable":true,"href":"https:\/\/games.tactic.net\/no\/wp-json\/wp\/v2\/product_tag?post=204776"},{"taxonomy":"brand","embeddable":true,"href":"https:\/\/games.tactic.net\/no\/wp-json\/wp\/v2\/brand?post=204776"},{"taxonomy":"target-group","embeddable":true,"href":"https:\/\/games.tactic.net\/no\/wp-json\/wp\/v2\/target-group?post=204776"},{"taxonomy":"discontinued","embeddable":true,"href":"https:\/\/games.tactic.net\/no\/wp-json\/wp\/v2\/discontinued?post=204776"}],"curies":[{"name":"wp","href":"https:\/\/api.w.org\/{rel}","templated":true}]}}