{"id":204761,"date":"2021-10-05T12:23:05","date_gmt":"2021-10-05T09:23:05","guid":{"rendered":"http:\/\/dev.tactic.net\/tuote\/kendama\/"},"modified":"2023-09-27T20:44:00","modified_gmt":"2023-09-27T17:44:00","slug":"kendama","status":"publish","type":"product","link":"https:\/\/games.tactic.net\/no\/tuote\/kendama\/","title":{"rendered":"Active Play Kendama"},"content":{"rendered":"<p>Har du pr\u00f8vd Kendama? Dette ferdighetsspillet er opprinnelig japansk, og utfordrer deg til \u00e5 l\u00e6re mange slags nye triks. L\u00e6r deg alle sammen, og imponer vennene dine!<\/p>\n","protected":false},"excerpt":{"rendered":"<p>Har du pr\u00f8vd Kendama? Dette ferdighetsspillet er opprinnelig japansk, og utfordrer deg til \u00e5 l\u00e6re mange slags nye triks. L\u00e6r deg alle sammen, og imponer vennene dine!<\/p>\n","protected":false},"featured_media":0,"template":"","meta":{"content-type":"","_monsterinsights_skip_tracking":false,"_monsterinsights_sitenote_active":false,"_monsterinsights_sitenote_note":"","_monsterinsights_sitenote_category":0},"product_brand":[],"product_cat":[1656,1695],"product_tag":[1251,1221,969],"brand":[],"target-group":[],"discontinued":[],"class_list":{"0":"post-204761","1":"product","2":"type-product","3":"status-publish","5":"product_cat-active-play-barnespill","6":"product_cat-active-play-utespill-og-leker-2","7":"product_tag-ferdighet-no","8":"product_tag-funksjon-no","9":"product_tag-tidsfordriv-2","11":"first","12":"instock","13":"taxable","14":"shipping-taxable","15":"product-type-simple"},"aioseo_notices":[],"_links":{"self":[{"href":"https:\/\/games.tactic.net\/no\/wp-json\/wp\/v2\/product\/204761","targetHints":{"allow":["GET"]}}],"collection":[{"href":"https:\/\/games.tactic.net\/no\/wp-json\/wp\/v2\/product"}],"about":[{"href":"https:\/\/games.tactic.net\/no\/wp-json\/wp\/v2\/types\/product"}],"wp:attachment":[{"href":"https:\/\/games.tactic.net\/no\/wp-json\/wp\/v2\/media?parent=204761"}],"wp:term":[{"taxonomy":"product_brand","embeddable":true,"href":"https:\/\/games.tactic.net\/no\/wp-json\/wp\/v2\/product_brand?post=204761"},{"taxonomy":"product_cat","embeddable":true,"href":"https:\/\/games.tactic.net\/no\/wp-json\/wp\/v2\/product_cat?post=204761"},{"taxonomy":"product_tag","embeddable":true,"href":"https:\/\/games.tactic.net\/no\/wp-json\/wp\/v2\/product_tag?post=204761"},{"taxonomy":"brand","embeddable":true,"href":"https:\/\/games.tactic.net\/no\/wp-json\/wp\/v2\/brand?post=204761"},{"taxonomy":"target-group","embeddable":true,"href":"https:\/\/games.tactic.net\/no\/wp-json\/wp\/v2\/target-group?post=204761"},{"taxonomy":"discontinued","embeddable":true,"href":"https:\/\/games.tactic.net\/no\/wp-json\/wp\/v2\/discontinued?post=204761"}],"curies":[{"name":"wp","href":"https:\/\/api.w.org\/{rel}","templated":true}]}}