{"id":204746,"date":"2021-10-05T12:22:11","date_gmt":"2021-10-05T09:22:11","guid":{"rendered":"http:\/\/dev.tactic.net\/tuote\/myk-bowling\/"},"modified":"2023-03-09T14:54:41","modified_gmt":"2023-03-09T12:54:41","slug":"myk-bowling","status":"archive","type":"product","link":"https:\/\/games.tactic.net\/no\/tuote\/myk-bowling\/","title":{"rendered":"Myk bowling"},"content":{"rendered":"<p>Klarer du \u00e5 treffe m\u00e5let, eller ruller kula alltid ut? Sett<br \/>\nopp de myke kjeglene, og pr\u00f8v \u00e5 sikte p\u00e5 dem med<br \/>\nkula. Dette myke bowlingspillet er en fin m\u00e5te \u00e5 f\u00e5<br \/>\nbarna i bevegelse p\u00e5!<\/p>\n","protected":false},"excerpt":{"rendered":"<p>Klarer du \u00e5 treffe m\u00e5let, eller ruller kula alltid ut? Sett opp de myke kjeglene, og pr\u00f8v \u00e5 sikte p\u00e5 dem med kula. Dette myke bowlingspillet er en fin m\u00e5te \u00e5 f\u00e5 barna i bevegelse p\u00e5!<\/p>\n","protected":false},"featured_media":0,"template":"","meta":{"content-type":"","_monsterinsights_skip_tracking":false,"_monsterinsights_sitenote_active":false,"_monsterinsights_sitenote_note":"","_monsterinsights_sitenote_category":0},"product_brand":[],"product_cat":[1658,1696],"product_tag":[1251,1221],"brand":[],"target-group":[],"discontinued":[],"class_list":{"0":"post-204746","1":"product","2":"type-product","3":"status-archive","5":"product_cat-soft-active-play-barnespill","6":"product_cat-soft-active-play-utespill-og-leker-2","7":"product_tag-ferdighet-no","8":"product_tag-funksjon-no","10":"first","11":"outofstock","12":"taxable","13":"shipping-taxable","14":"product-type-simple"},"aioseo_notices":[],"_links":{"self":[{"href":"https:\/\/games.tactic.net\/no\/wp-json\/wp\/v2\/product\/204746","targetHints":{"allow":["GET"]}}],"collection":[{"href":"https:\/\/games.tactic.net\/no\/wp-json\/wp\/v2\/product"}],"about":[{"href":"https:\/\/games.tactic.net\/no\/wp-json\/wp\/v2\/types\/product"}],"wp:attachment":[{"href":"https:\/\/games.tactic.net\/no\/wp-json\/wp\/v2\/media?parent=204746"}],"wp:term":[{"taxonomy":"product_brand","embeddable":true,"href":"https:\/\/games.tactic.net\/no\/wp-json\/wp\/v2\/product_brand?post=204746"},{"taxonomy":"product_cat","embeddable":true,"href":"https:\/\/games.tactic.net\/no\/wp-json\/wp\/v2\/product_cat?post=204746"},{"taxonomy":"product_tag","embeddable":true,"href":"https:\/\/games.tactic.net\/no\/wp-json\/wp\/v2\/product_tag?post=204746"},{"taxonomy":"brand","embeddable":true,"href":"https:\/\/games.tactic.net\/no\/wp-json\/wp\/v2\/brand?post=204746"},{"taxonomy":"target-group","embeddable":true,"href":"https:\/\/games.tactic.net\/no\/wp-json\/wp\/v2\/target-group?post=204746"},{"taxonomy":"discontinued","embeddable":true,"href":"https:\/\/games.tactic.net\/no\/wp-json\/wp\/v2\/discontinued?post=204746"}],"curies":[{"name":"wp","href":"https:\/\/api.w.org\/{rel}","templated":true}]}}