{"id":204731,"date":"2021-10-05T12:21:02","date_gmt":"2021-10-05T09:21:02","guid":{"rendered":"http:\/\/dev.tactic.net\/tuote\/myk-krokket\/"},"modified":"2024-06-24T09:01:08","modified_gmt":"2024-06-24T06:01:08","slug":"myk-krokket","status":"archive","type":"product","link":"https:\/\/games.tactic.net\/no\/tuote\/myk-krokket\/","title":{"rendered":"Active Play Myk krokket"},"content":{"rendered":"<p>Dette klassiske spillet passer i alle hager \u2013 og n\u00e5 ogs\u00e5 i stua! De myke delene er enkle \u00e5 sette opp, og spillet er lett \u00e5 l\u00e6re selv for de yngste spillerne.<\/p>\n","protected":false},"excerpt":{"rendered":"<p>Dette klassiske spillet passer i alle hager \u2013 og n\u00e5 ogs\u00e5 i stua! De myke delene er enkle \u00e5 sette opp, og spillet er lett \u00e5 l\u00e6re selv for de yngste spillerne.<\/p>\n","protected":false},"featured_media":0,"template":"","meta":{"content-type":"","_monsterinsights_skip_tracking":false,"_monsterinsights_sitenote_active":false,"_monsterinsights_sitenote_note":"","_monsterinsights_sitenote_category":0},"product_brand":[],"product_cat":[1695,1658],"product_tag":[1251,1221],"brand":[],"target-group":[],"discontinued":[],"class_list":{"0":"post-204731","1":"product","2":"type-product","3":"status-archive","5":"product_cat-active-play-utespill-og-leker-2","6":"product_cat-soft-active-play-barnespill","7":"product_tag-ferdighet-no","8":"product_tag-funksjon-no","10":"first","11":"outofstock","12":"taxable","13":"shipping-taxable","14":"product-type-simple"},"aioseo_notices":[],"_links":{"self":[{"href":"https:\/\/games.tactic.net\/no\/wp-json\/wp\/v2\/product\/204731","targetHints":{"allow":["GET"]}}],"collection":[{"href":"https:\/\/games.tactic.net\/no\/wp-json\/wp\/v2\/product"}],"about":[{"href":"https:\/\/games.tactic.net\/no\/wp-json\/wp\/v2\/types\/product"}],"wp:attachment":[{"href":"https:\/\/games.tactic.net\/no\/wp-json\/wp\/v2\/media?parent=204731"}],"wp:term":[{"taxonomy":"product_brand","embeddable":true,"href":"https:\/\/games.tactic.net\/no\/wp-json\/wp\/v2\/product_brand?post=204731"},{"taxonomy":"product_cat","embeddable":true,"href":"https:\/\/games.tactic.net\/no\/wp-json\/wp\/v2\/product_cat?post=204731"},{"taxonomy":"product_tag","embeddable":true,"href":"https:\/\/games.tactic.net\/no\/wp-json\/wp\/v2\/product_tag?post=204731"},{"taxonomy":"brand","embeddable":true,"href":"https:\/\/games.tactic.net\/no\/wp-json\/wp\/v2\/brand?post=204731"},{"taxonomy":"target-group","embeddable":true,"href":"https:\/\/games.tactic.net\/no\/wp-json\/wp\/v2\/target-group?post=204731"},{"taxonomy":"discontinued","embeddable":true,"href":"https:\/\/games.tactic.net\/no\/wp-json\/wp\/v2\/discontinued?post=204731"}],"curies":[{"name":"wp","href":"https:\/\/api.w.org\/{rel}","templated":true}]}}