{"id":204701,"date":"2021-10-05T12:19:13","date_gmt":"2021-10-05T09:19:13","guid":{"rendered":"http:\/\/dev.tactic.net\/tuote\/spill-med-myke-bokser\/"},"modified":"2024-07-08T13:12:30","modified_gmt":"2024-07-08T10:12:30","slug":"spill-med-myke-bokser","status":"archive","type":"product","link":"https:\/\/games.tactic.net\/no\/tuote\/spill-med-myke-bokser\/","title":{"rendered":"Active Play Spill med myke bokser"},"content":{"rendered":"<p>Bygg et t\u00e5rn eller sett boksene side om side, og la ballen fare. Med myke bokser og myk ball kan du trygt \u00f8ve p\u00e5 \u00e5 sikte og trene kastearmen.<\/p>\n","protected":false},"excerpt":{"rendered":"<p>Bygg et t\u00e5rn eller sett boksene side om side, og la ballen fare. Med myke bokser og myk ball kan du trygt \u00f8ve p\u00e5 \u00e5 sikte og trene kastearmen.<\/p>\n","protected":false},"featured_media":0,"template":"","meta":{"content-type":"","_monsterinsights_skip_tracking":false,"_monsterinsights_sitenote_active":false,"_monsterinsights_sitenote_note":"","_monsterinsights_sitenote_category":0},"product_brand":[],"product_cat":[1695,1658],"product_tag":[1251,1221,969],"brand":[],"target-group":[],"discontinued":[],"class_list":{"0":"post-204701","1":"product","2":"type-product","3":"status-archive","5":"product_cat-active-play-utespill-og-leker-2","6":"product_cat-soft-active-play-barnespill","7":"product_tag-ferdighet-no","8":"product_tag-funksjon-no","9":"product_tag-tidsfordriv-2","11":"first","12":"outofstock","13":"taxable","14":"shipping-taxable","15":"product-type-simple"},"aioseo_notices":[],"_links":{"self":[{"href":"https:\/\/games.tactic.net\/no\/wp-json\/wp\/v2\/product\/204701","targetHints":{"allow":["GET"]}}],"collection":[{"href":"https:\/\/games.tactic.net\/no\/wp-json\/wp\/v2\/product"}],"about":[{"href":"https:\/\/games.tactic.net\/no\/wp-json\/wp\/v2\/types\/product"}],"wp:attachment":[{"href":"https:\/\/games.tactic.net\/no\/wp-json\/wp\/v2\/media?parent=204701"}],"wp:term":[{"taxonomy":"product_brand","embeddable":true,"href":"https:\/\/games.tactic.net\/no\/wp-json\/wp\/v2\/product_brand?post=204701"},{"taxonomy":"product_cat","embeddable":true,"href":"https:\/\/games.tactic.net\/no\/wp-json\/wp\/v2\/product_cat?post=204701"},{"taxonomy":"product_tag","embeddable":true,"href":"https:\/\/games.tactic.net\/no\/wp-json\/wp\/v2\/product_tag?post=204701"},{"taxonomy":"brand","embeddable":true,"href":"https:\/\/games.tactic.net\/no\/wp-json\/wp\/v2\/brand?post=204701"},{"taxonomy":"target-group","embeddable":true,"href":"https:\/\/games.tactic.net\/no\/wp-json\/wp\/v2\/target-group?post=204701"},{"taxonomy":"discontinued","embeddable":true,"href":"https:\/\/games.tactic.net\/no\/wp-json\/wp\/v2\/discontinued?post=204701"}],"curies":[{"name":"wp","href":"https:\/\/api.w.org\/{rel}","templated":true}]}}