{"id":204686,"date":"2021-10-05T12:18:05","date_gmt":"2021-10-05T09:18:05","guid":{"rendered":"http:\/\/dev.tactic.net\/tuote\/myk-hoppestokk\/"},"modified":"2023-04-17T09:51:35","modified_gmt":"2023-04-17T06:51:35","slug":"myk-hoppestokk","status":"archive","type":"product","link":"https:\/\/games.tactic.net\/no\/tuote\/myk-hoppestokk\/","title":{"rendered":"Myk hoppestokk"},"content":{"rendered":"<p>Er du klar for et hoppel\u00f8p? Den myke hoppestokken<br \/>\ni skumplast beveger seg like fort som barnet ditt,<br \/>\nmen det myke materialet gj\u00f8r at den er trygg b\u00e5de<br \/>\ninne og ute.<\/p>\n","protected":false},"excerpt":{"rendered":"<p>Er du klar for et hoppel\u00f8p? Den myke hoppestokken i skumplast beveger seg like fort som barnet ditt, men det myke materialet gj\u00f8r at den er trygg b\u00e5de inne og ute.<\/p>\n","protected":false},"featured_media":0,"template":"","meta":{"content-type":"","_monsterinsights_skip_tracking":false,"_monsterinsights_sitenote_active":false,"_monsterinsights_sitenote_note":"","_monsterinsights_sitenote_category":0},"product_brand":[],"product_cat":[1658,1696],"product_tag":[1201,383,318,1003],"brand":[],"target-group":[],"discontinued":[],"class_list":{"0":"post-204686","1":"product","2":"type-product","3":"status-archive","5":"product_cat-soft-active-play-barnespill","6":"product_cat-soft-active-play-utespill-og-leker-2","7":"product_tag-alene","8":"product_tag-ferdighet","9":"product_tag-hastighet","10":"product_tag-hell","12":"first","13":"outofstock","14":"taxable","15":"shipping-taxable","16":"product-type-simple"},"aioseo_notices":[],"_links":{"self":[{"href":"https:\/\/games.tactic.net\/no\/wp-json\/wp\/v2\/product\/204686","targetHints":{"allow":["GET"]}}],"collection":[{"href":"https:\/\/games.tactic.net\/no\/wp-json\/wp\/v2\/product"}],"about":[{"href":"https:\/\/games.tactic.net\/no\/wp-json\/wp\/v2\/types\/product"}],"wp:attachment":[{"href":"https:\/\/games.tactic.net\/no\/wp-json\/wp\/v2\/media?parent=204686"}],"wp:term":[{"taxonomy":"product_brand","embeddable":true,"href":"https:\/\/games.tactic.net\/no\/wp-json\/wp\/v2\/product_brand?post=204686"},{"taxonomy":"product_cat","embeddable":true,"href":"https:\/\/games.tactic.net\/no\/wp-json\/wp\/v2\/product_cat?post=204686"},{"taxonomy":"product_tag","embeddable":true,"href":"https:\/\/games.tactic.net\/no\/wp-json\/wp\/v2\/product_tag?post=204686"},{"taxonomy":"brand","embeddable":true,"href":"https:\/\/games.tactic.net\/no\/wp-json\/wp\/v2\/brand?post=204686"},{"taxonomy":"target-group","embeddable":true,"href":"https:\/\/games.tactic.net\/no\/wp-json\/wp\/v2\/target-group?post=204686"},{"taxonomy":"discontinued","embeddable":true,"href":"https:\/\/games.tactic.net\/no\/wp-json\/wp\/v2\/discontinued?post=204686"}],"curies":[{"name":"wp","href":"https:\/\/api.w.org\/{rel}","templated":true}]}}