{"id":204671,"date":"2021-10-05T12:16:34","date_gmt":"2021-10-05T09:16:34","guid":{"rendered":"http:\/\/dev.tactic.net\/tuote\/rummy-reisespill\/"},"modified":"2023-10-06T16:41:09","modified_gmt":"2023-10-06T13:41:09","slug":"rummy-reisespill","status":"publish","type":"product","link":"https:\/\/games.tactic.net\/no\/tuote\/rummy-reisespill\/","title":{"rendered":"Rummy reisespill"},"content":{"rendered":"<p>Lag kombinasjoner med brikkene og legg den til sett som allerede ligger p\u00e5 bordet. Spilleren som f\u00f8rst kvitter seg med alle brikkene vinner spillet.<br \/>\nLett \u00e5 l\u00e6re, men fortsetter \u00e5 v\u00e6re en artig utfordring for erfarne spillere.<\/p>\n","protected":false},"excerpt":{"rendered":"<p>Lag kombinasjoner med brikkene og legg den til sett som allerede ligger p\u00e5 bordet. Spilleren som f\u00f8rst kvitter seg med alle brikkene vinner spillet.<\/p>\n","protected":false},"featured_media":0,"template":"","meta":{"content-type":"","_monsterinsights_skip_tracking":false,"_monsterinsights_sitenote_active":false,"_monsterinsights_sitenote_note":"","_monsterinsights_sitenote_category":0},"product_brand":[],"product_cat":[1671,1587],"product_tag":[1233,1239],"brand":[],"target-group":[],"discontinued":[],"class_list":{"0":"post-204671","1":"product","2":"type-product","3":"status-publish","5":"product_cat-reisespill-voksenspill","6":"product_cat-reisespill-familiespill","7":"product_tag-kombinere-no","8":"product_tag-strategi-no","10":"first","11":"instock","12":"taxable","13":"shipping-taxable","14":"product-type-simple"},"aioseo_notices":[],"_links":{"self":[{"href":"https:\/\/games.tactic.net\/no\/wp-json\/wp\/v2\/product\/204671","targetHints":{"allow":["GET"]}}],"collection":[{"href":"https:\/\/games.tactic.net\/no\/wp-json\/wp\/v2\/product"}],"about":[{"href":"https:\/\/games.tactic.net\/no\/wp-json\/wp\/v2\/types\/product"}],"wp:attachment":[{"href":"https:\/\/games.tactic.net\/no\/wp-json\/wp\/v2\/media?parent=204671"}],"wp:term":[{"taxonomy":"product_brand","embeddable":true,"href":"https:\/\/games.tactic.net\/no\/wp-json\/wp\/v2\/product_brand?post=204671"},{"taxonomy":"product_cat","embeddable":true,"href":"https:\/\/games.tactic.net\/no\/wp-json\/wp\/v2\/product_cat?post=204671"},{"taxonomy":"product_tag","embeddable":true,"href":"https:\/\/games.tactic.net\/no\/wp-json\/wp\/v2\/product_tag?post=204671"},{"taxonomy":"brand","embeddable":true,"href":"https:\/\/games.tactic.net\/no\/wp-json\/wp\/v2\/brand?post=204671"},{"taxonomy":"target-group","embeddable":true,"href":"https:\/\/games.tactic.net\/no\/wp-json\/wp\/v2\/target-group?post=204671"},{"taxonomy":"discontinued","embeddable":true,"href":"https:\/\/games.tactic.net\/no\/wp-json\/wp\/v2\/discontinued?post=204671"}],"curies":[{"name":"wp","href":"https:\/\/api.w.org\/{rel}","templated":true}]}}