{"id":204641,"date":"2021-10-05T12:15:36","date_gmt":"2021-10-05T09:15:36","guid":{"rendered":"http:\/\/dev.tactic.net\/tuote\/kokkelimonke-travel\/"},"modified":"2024-10-11T14:59:40","modified_gmt":"2024-10-11T11:59:40","slug":"kokkelimonke-travel","status":"archive","type":"product","link":"https:\/\/games.tactic.net\/no\/tuote\/kokkelimonke-travel\/","title":{"rendered":"Kokkelimonke reisespill"},"content":{"rendered":"<p>Reiseversjonen av verdens morsomste bl\u00f8ffespill! I Kokkelimonke gjelder det \u00e5 finne p\u00e5 forklaringer til uvanlige ord, personer, filmer, lover og forkortninger. Et sp\u00f8rsm\u00e5l leses opp fra en kategoriog spillerne skriver ned sine forklaringer p\u00e5 blokka. Den som bl\u00f8ffer best og lykkes i \u00e5 lure de andre spillerne vinner!<\/p>\n","protected":false},"excerpt":{"rendered":"<p>Reiseversjonen av verdens morsomste bl\u00f8ffespill! I Kokkelimonke gjelder det \u00e5 finne p\u00e5 forklaringer til uvanlige ord, personer, filmer, lover og forkortninger. Et sp\u00f8rsm\u00e5l leses opp fra en kategoriog spillerne skriver ned sine forklaringer p\u00e5 blokka. Den som bl\u00f8ffer best og lykkes i \u00e5 lure de andre spillerne vinner!<\/p>\n","protected":false},"featured_media":0,"template":"","meta":{"content-type":"","_monsterinsights_skip_tracking":false,"_monsterinsights_sitenote_active":false,"_monsterinsights_sitenote_note":"","_monsterinsights_sitenote_category":0},"product_brand":[],"product_cat":[1587],"product_tag":[324,1267],"brand":[],"target-group":[],"discontinued":[],"class_list":{"0":"post-204641","1":"product","2":"type-product","3":"status-archive","5":"product_cat-reisespill-familiespill","6":"product_tag-kreativ","7":"product_tag-sammen-no","9":"first","10":"outofstock","11":"taxable","12":"shipping-taxable","13":"product-type-simple"},"aioseo_notices":[],"_links":{"self":[{"href":"https:\/\/games.tactic.net\/no\/wp-json\/wp\/v2\/product\/204641","targetHints":{"allow":["GET"]}}],"collection":[{"href":"https:\/\/games.tactic.net\/no\/wp-json\/wp\/v2\/product"}],"about":[{"href":"https:\/\/games.tactic.net\/no\/wp-json\/wp\/v2\/types\/product"}],"wp:attachment":[{"href":"https:\/\/games.tactic.net\/no\/wp-json\/wp\/v2\/media?parent=204641"}],"wp:term":[{"taxonomy":"product_brand","embeddable":true,"href":"https:\/\/games.tactic.net\/no\/wp-json\/wp\/v2\/product_brand?post=204641"},{"taxonomy":"product_cat","embeddable":true,"href":"https:\/\/games.tactic.net\/no\/wp-json\/wp\/v2\/product_cat?post=204641"},{"taxonomy":"product_tag","embeddable":true,"href":"https:\/\/games.tactic.net\/no\/wp-json\/wp\/v2\/product_tag?post=204641"},{"taxonomy":"brand","embeddable":true,"href":"https:\/\/games.tactic.net\/no\/wp-json\/wp\/v2\/brand?post=204641"},{"taxonomy":"target-group","embeddable":true,"href":"https:\/\/games.tactic.net\/no\/wp-json\/wp\/v2\/target-group?post=204641"},{"taxonomy":"discontinued","embeddable":true,"href":"https:\/\/games.tactic.net\/no\/wp-json\/wp\/v2\/discontinued?post=204641"}],"curies":[{"name":"wp","href":"https:\/\/api.w.org\/{rel}","templated":true}]}}