{"id":204626,"date":"2021-10-05T12:13:55","date_gmt":"2021-10-05T09:13:55","guid":{"rendered":"http:\/\/dev.tactic.net\/tuote\/mitt-skip-er-lastet-med\/"},"modified":"2023-10-19T09:18:52","modified_gmt":"2023-10-19T06:18:52","slug":"mitt-skip-er-lastet-med","status":"publish","type":"product","link":"https:\/\/games.tactic.net\/no\/tuote\/mitt-skip-er-lastet-med\/","title":{"rendered":"Mitt skip er lastet med\u2026 reisespill"},"content":{"rendered":"<p>Et enkelt og morsomt ordspill basert p\u00e5 den velkjente leken!  Mitt Skip Er Lastet Med er et artig spill for hele familien og for nesten alle aldersgrupper. Hvem kan komme p\u00e5 flest ord i de forskjellige kategoriene som begynner med den valgte bokstaven f\u00f8r timeglasset renner ut? For hvert passende ord f\u00e5r du ett poeng, og ekstrapoeng hvis ingen andre har det samme ordet \u2013 pr\u00f8v og tenk ut noen mer underfundige ord og navn for \u00e5 f\u00e5 flere poeng!<\/p>\n","protected":false},"excerpt":{"rendered":"<p>Et enkelt og morsomt ordspill basert p\u00e5 den velkjente leken! Mitt Skip Er Lastet Med er et artig spill for hele familien og for nesten alle aldersgrupper.<\/p>\n","protected":false},"featured_media":0,"template":"","meta":{"content-type":"","_monsterinsights_skip_tracking":false,"_monsterinsights_sitenote_active":false,"_monsterinsights_sitenote_note":"","_monsterinsights_sitenote_category":0},"product_brand":[],"product_cat":[1608],"product_tag":[324,969],"brand":[],"target-group":[],"discontinued":[],"class_list":{"0":"post-204626","1":"product","2":"type-product","3":"status-publish","5":"product_cat-reisespill-barnespill","6":"product_tag-kreativ","7":"product_tag-tidsfordriv-2","9":"first","10":"instock","11":"taxable","12":"shipping-taxable","13":"product-type-simple"},"aioseo_notices":[],"_links":{"self":[{"href":"https:\/\/games.tactic.net\/no\/wp-json\/wp\/v2\/product\/204626","targetHints":{"allow":["GET"]}}],"collection":[{"href":"https:\/\/games.tactic.net\/no\/wp-json\/wp\/v2\/product"}],"about":[{"href":"https:\/\/games.tactic.net\/no\/wp-json\/wp\/v2\/types\/product"}],"wp:attachment":[{"href":"https:\/\/games.tactic.net\/no\/wp-json\/wp\/v2\/media?parent=204626"}],"wp:term":[{"taxonomy":"product_brand","embeddable":true,"href":"https:\/\/games.tactic.net\/no\/wp-json\/wp\/v2\/product_brand?post=204626"},{"taxonomy":"product_cat","embeddable":true,"href":"https:\/\/games.tactic.net\/no\/wp-json\/wp\/v2\/product_cat?post=204626"},{"taxonomy":"product_tag","embeddable":true,"href":"https:\/\/games.tactic.net\/no\/wp-json\/wp\/v2\/product_tag?post=204626"},{"taxonomy":"brand","embeddable":true,"href":"https:\/\/games.tactic.net\/no\/wp-json\/wp\/v2\/brand?post=204626"},{"taxonomy":"target-group","embeddable":true,"href":"https:\/\/games.tactic.net\/no\/wp-json\/wp\/v2\/target-group?post=204626"},{"taxonomy":"discontinued","embeddable":true,"href":"https:\/\/games.tactic.net\/no\/wp-json\/wp\/v2\/discontinued?post=204626"}],"curies":[{"name":"wp","href":"https:\/\/api.w.org\/{rel}","templated":true}]}}