{"id":204553,"date":"2021-10-05T12:10:07","date_gmt":"2021-10-05T09:10:07","guid":{"rendered":"http:\/\/dev.tactic.net\/tuote\/barnas-sporrespil-reise\/"},"modified":"2023-09-27T12:26:45","modified_gmt":"2023-09-27T09:26:45","slug":"barnas-sporrespil-reise","status":"publish","type":"product","link":"https:\/\/games.tactic.net\/no\/tuote\/barnas-sporrespil-reise\/","title":{"rendered":"Barnas sp\u00f8rrespil reisespill"},"content":{"rendered":"<p>Velg mellom to tall (1\u20136) &#8211; og velg sp\u00f8rsm\u00e5let basert p\u00e5 emnet du foretrekker. Deretter f\u00e5r alle spillerne svare p\u00e5 sp\u00f8rsm\u00e5let, og pr\u00f8ver \u00e5 samle poeng! Spilleren med h\u00f8yeste poengsum etter ti sp\u00f8rsm\u00e5l vinner spillet!<br \/>\nDette lille spillet har nok innhold for dusinvis av omganger!<br \/>\nEmnene gir spillet et lag med spenning.<br \/>\n\u00c5 plukke sp\u00f8rsm\u00e5lene er et morsomt sjansespill hver gang!<\/p>\n","protected":false},"excerpt":{"rendered":"<p>Velg mellom to tall (1\u20136) &#8211; og velg sp\u00f8rsm\u00e5let basert p\u00e5 emnet du foretrekker. Deretter f\u00e5r alle spillerne svare p\u00e5 sp\u00f8rsm\u00e5let, og pr\u00f8ver \u00e5 samle poeng!<\/p>\n","protected":false},"featured_media":0,"template":"","meta":{"content-type":"","_monsterinsights_skip_tracking":false,"_monsterinsights_sitenote_active":false,"_monsterinsights_sitenote_note":"","_monsterinsights_sitenote_category":0},"product_brand":[],"product_cat":[1587,1608],"product_tag":[],"brand":[],"target-group":[],"discontinued":[],"class_list":{"0":"post-204553","1":"product","2":"type-product","3":"status-publish","5":"product_cat-reisespill-familiespill","6":"product_cat-reisespill-barnespill","8":"first","9":"instock","10":"taxable","11":"shipping-taxable","12":"product-type-simple"},"aioseo_notices":[],"_links":{"self":[{"href":"https:\/\/games.tactic.net\/no\/wp-json\/wp\/v2\/product\/204553","targetHints":{"allow":["GET"]}}],"collection":[{"href":"https:\/\/games.tactic.net\/no\/wp-json\/wp\/v2\/product"}],"about":[{"href":"https:\/\/games.tactic.net\/no\/wp-json\/wp\/v2\/types\/product"}],"wp:attachment":[{"href":"https:\/\/games.tactic.net\/no\/wp-json\/wp\/v2\/media?parent=204553"}],"wp:term":[{"taxonomy":"product_brand","embeddable":true,"href":"https:\/\/games.tactic.net\/no\/wp-json\/wp\/v2\/product_brand?post=204553"},{"taxonomy":"product_cat","embeddable":true,"href":"https:\/\/games.tactic.net\/no\/wp-json\/wp\/v2\/product_cat?post=204553"},{"taxonomy":"product_tag","embeddable":true,"href":"https:\/\/games.tactic.net\/no\/wp-json\/wp\/v2\/product_tag?post=204553"},{"taxonomy":"brand","embeddable":true,"href":"https:\/\/games.tactic.net\/no\/wp-json\/wp\/v2\/brand?post=204553"},{"taxonomy":"target-group","embeddable":true,"href":"https:\/\/games.tactic.net\/no\/wp-json\/wp\/v2\/target-group?post=204553"},{"taxonomy":"discontinued","embeddable":true,"href":"https:\/\/games.tactic.net\/no\/wp-json\/wp\/v2\/discontinued?post=204553"}],"curies":[{"name":"wp","href":"https:\/\/api.w.org\/{rel}","templated":true}]}}