{"id":204524,"date":"2021-10-05T12:08:52","date_gmt":"2021-10-05T09:08:52","guid":{"rendered":"http:\/\/dev.tactic.net\/tuote\/vil-du-vedde-reisespill\/"},"modified":"2023-09-27T12:25:41","modified_gmt":"2023-09-27T09:25:41","slug":"vil-du-vedde-reisespill","status":"publish","type":"product","link":"https:\/\/games.tactic.net\/no\/tuote\/vil-du-vedde-reisespill\/","title":{"rendered":"Vil du vedde? reisespill"},"content":{"rendered":"<p>Hver spiller pr\u00f8ver \u00e5 l\u00f8se b\u00e5de fysiske og mentale oppgaver for \u00e5 vinne stort, mens de andre spillerne vedder p\u00e5 om spilleren klarer det eller ikke.<br \/>\nInneholder et stort utvalg av morsomme oppgaver.<br \/>\nDette artige spillet f\u00e5r alle i bevegelse.<br \/>\nPerfekt for familier og venner!<\/p>\n","protected":false},"excerpt":{"rendered":"<p>Hver spiller pr\u00f8ver \u00e5 l\u00f8se b\u00e5de fysiske og mentale oppgaver for \u00e5 vinne stort, mens de andre spillerne vedder p\u00e5 om spilleren klarer det eller ikke.<\/p>\n","protected":false},"featured_media":0,"template":"","meta":{"content-type":"","_monsterinsights_skip_tracking":false,"_monsterinsights_sitenote_active":false,"_monsterinsights_sitenote_note":"","_monsterinsights_sitenote_category":0},"product_brand":[],"product_cat":[1587],"product_tag":[1221,324],"brand":[],"target-group":[],"discontinued":[],"class_list":{"0":"post-204524","1":"product","2":"type-product","3":"status-publish","5":"product_cat-reisespill-familiespill","6":"product_tag-funksjon-no","7":"product_tag-kreativ","9":"first","10":"instock","11":"taxable","12":"shipping-taxable","13":"product-type-simple"},"aioseo_notices":[],"_links":{"self":[{"href":"https:\/\/games.tactic.net\/no\/wp-json\/wp\/v2\/product\/204524","targetHints":{"allow":["GET"]}}],"collection":[{"href":"https:\/\/games.tactic.net\/no\/wp-json\/wp\/v2\/product"}],"about":[{"href":"https:\/\/games.tactic.net\/no\/wp-json\/wp\/v2\/types\/product"}],"wp:attachment":[{"href":"https:\/\/games.tactic.net\/no\/wp-json\/wp\/v2\/media?parent=204524"}],"wp:term":[{"taxonomy":"product_brand","embeddable":true,"href":"https:\/\/games.tactic.net\/no\/wp-json\/wp\/v2\/product_brand?post=204524"},{"taxonomy":"product_cat","embeddable":true,"href":"https:\/\/games.tactic.net\/no\/wp-json\/wp\/v2\/product_cat?post=204524"},{"taxonomy":"product_tag","embeddable":true,"href":"https:\/\/games.tactic.net\/no\/wp-json\/wp\/v2\/product_tag?post=204524"},{"taxonomy":"brand","embeddable":true,"href":"https:\/\/games.tactic.net\/no\/wp-json\/wp\/v2\/brand?post=204524"},{"taxonomy":"target-group","embeddable":true,"href":"https:\/\/games.tactic.net\/no\/wp-json\/wp\/v2\/target-group?post=204524"},{"taxonomy":"discontinued","embeddable":true,"href":"https:\/\/games.tactic.net\/no\/wp-json\/wp\/v2\/discontinued?post=204524"}],"curies":[{"name":"wp","href":"https:\/\/api.w.org\/{rel}","templated":true}]}}