{"id":204509,"date":"2021-10-05T12:07:28","date_gmt":"2021-10-05T09:07:28","guid":{"rendered":"http:\/\/dev.tactic.net\/tuote\/a-a-reisespill\/"},"modified":"2025-12-01T11:27:29","modified_gmt":"2025-12-01T09:27:29","slug":"a-a-reisespill","status":"archive","type":"product","link":"https:\/\/games.tactic.net\/no\/tuote\/a-a-reisespill\/","title":{"rendered":"A-\u00c5 Reisespill"},"content":{"rendered":"<p>En reiseversjon av det popul\u00e6re familiespillet. Pr\u00f8v \u00e5 nevne s\u00e5 mange ting som mulig som starter med forskjellige bokstaver for hver kategori og noter dem p\u00e5 blokken din underveis. Den f\u00f8rste spilleren som dekker alle bokstavene fra A-\u00c5 vinner!<\/p>\n","protected":false},"excerpt":{"rendered":"<p>En reiseversjon av det popul\u00e6re familiespillet. Pr\u00f8v \u00e5 nevne s\u00e5 mange ting som mulig som starter med forskjellige bokstaver for hver kategori og noter dem p\u00e5 blokken din underveis. Den f\u00f8rste spilleren som dekker alle bokstavene fra A-\u00c5 vinner!<\/p>\n","protected":false},"featured_media":0,"template":"","meta":{"content-type":"","_monsterinsights_skip_tracking":false,"_monsterinsights_sitenote_active":false,"_monsterinsights_sitenote_note":"","_monsterinsights_sitenote_category":0},"product_brand":[],"product_cat":[1587],"product_tag":[],"brand":[],"target-group":[],"discontinued":[],"class_list":{"0":"post-204509","1":"product","2":"type-product","3":"status-archive","5":"product_cat-reisespill-familiespill","7":"first","8":"outofstock","9":"taxable","10":"shipping-taxable","11":"product-type-simple"},"aioseo_notices":[],"_links":{"self":[{"href":"https:\/\/games.tactic.net\/no\/wp-json\/wp\/v2\/product\/204509","targetHints":{"allow":["GET"]}}],"collection":[{"href":"https:\/\/games.tactic.net\/no\/wp-json\/wp\/v2\/product"}],"about":[{"href":"https:\/\/games.tactic.net\/no\/wp-json\/wp\/v2\/types\/product"}],"wp:attachment":[{"href":"https:\/\/games.tactic.net\/no\/wp-json\/wp\/v2\/media?parent=204509"}],"wp:term":[{"taxonomy":"product_brand","embeddable":true,"href":"https:\/\/games.tactic.net\/no\/wp-json\/wp\/v2\/product_brand?post=204509"},{"taxonomy":"product_cat","embeddable":true,"href":"https:\/\/games.tactic.net\/no\/wp-json\/wp\/v2\/product_cat?post=204509"},{"taxonomy":"product_tag","embeddable":true,"href":"https:\/\/games.tactic.net\/no\/wp-json\/wp\/v2\/product_tag?post=204509"},{"taxonomy":"brand","embeddable":true,"href":"https:\/\/games.tactic.net\/no\/wp-json\/wp\/v2\/brand?post=204509"},{"taxonomy":"target-group","embeddable":true,"href":"https:\/\/games.tactic.net\/no\/wp-json\/wp\/v2\/target-group?post=204509"},{"taxonomy":"discontinued","embeddable":true,"href":"https:\/\/games.tactic.net\/no\/wp-json\/wp\/v2\/discontinued?post=204509"}],"curies":[{"name":"wp","href":"https:\/\/api.w.org\/{rel}","templated":true}]}}