{"id":204408,"date":"2021-10-05T12:02:31","date_gmt":"2021-10-05T09:02:31","guid":{"rendered":"http:\/\/dev.tactic.net\/tuote\/dice-race\/"},"modified":"2023-04-11T10:09:42","modified_gmt":"2023-04-11T07:09:42","slug":"dice-race","status":"archive","type":"product","link":"https:\/\/games.tactic.net\/no\/tuote\/dice-race\/","title":{"rendered":"Dice Race"},"content":{"rendered":"<p>Alle spiller samtidig og fors\u00f8ker \u00e5 danne par med<br \/>\nkortene de har p\u00e5 h\u00e5nden og terningene p\u00e5 bordet.<br \/>\nDen som f\u00f8rst blir av med alle kort, vinner spillet.<\/p>\n","protected":false},"excerpt":{"rendered":"<p>Alle spiller samtidig og fors\u00f8ker \u00e5 danne par med kortene de har p\u00e5 h\u00e5nden og terningene p\u00e5 bordet. Den som f\u00f8rst blir av med alle kort, vinner spillet.<\/p>\n","protected":false},"featured_media":0,"template":"","meta":{"content-type":"","_monsterinsights_skip_tracking":false,"_monsterinsights_sitenote_active":false,"_monsterinsights_sitenote_note":"","_monsterinsights_sitenote_category":0},"product_brand":[],"product_cat":[1587,1826],"product_tag":[1233],"brand":[],"target-group":[],"discontinued":[],"class_list":{"0":"post-204408","1":"product","2":"type-product","3":"status-archive","5":"product_cat-reisespill-familiespill","6":"product_cat-salg","7":"product_tag-kombinere-no","9":"first","10":"outofstock","11":"taxable","12":"shipping-taxable","13":"product-type-simple"},"aioseo_notices":[],"_links":{"self":[{"href":"https:\/\/games.tactic.net\/no\/wp-json\/wp\/v2\/product\/204408","targetHints":{"allow":["GET"]}}],"collection":[{"href":"https:\/\/games.tactic.net\/no\/wp-json\/wp\/v2\/product"}],"about":[{"href":"https:\/\/games.tactic.net\/no\/wp-json\/wp\/v2\/types\/product"}],"wp:attachment":[{"href":"https:\/\/games.tactic.net\/no\/wp-json\/wp\/v2\/media?parent=204408"}],"wp:term":[{"taxonomy":"product_brand","embeddable":true,"href":"https:\/\/games.tactic.net\/no\/wp-json\/wp\/v2\/product_brand?post=204408"},{"taxonomy":"product_cat","embeddable":true,"href":"https:\/\/games.tactic.net\/no\/wp-json\/wp\/v2\/product_cat?post=204408"},{"taxonomy":"product_tag","embeddable":true,"href":"https:\/\/games.tactic.net\/no\/wp-json\/wp\/v2\/product_tag?post=204408"},{"taxonomy":"brand","embeddable":true,"href":"https:\/\/games.tactic.net\/no\/wp-json\/wp\/v2\/brand?post=204408"},{"taxonomy":"target-group","embeddable":true,"href":"https:\/\/games.tactic.net\/no\/wp-json\/wp\/v2\/target-group?post=204408"},{"taxonomy":"discontinued","embeddable":true,"href":"https:\/\/games.tactic.net\/no\/wp-json\/wp\/v2\/discontinued?post=204408"}],"curies":[{"name":"wp","href":"https:\/\/api.w.org\/{rel}","templated":true}]}}