{"id":204392,"date":"2021-10-05T11:23:52","date_gmt":"2021-10-05T08:23:52","guid":{"rendered":"http:\/\/dev.tactic.net\/tuote\/dam-og-molle\/"},"modified":"2023-10-17T19:09:08","modified_gmt":"2023-10-17T16:09:08","slug":"dam-og-molle","status":"archive","type":"product","link":"https:\/\/games.tactic.net\/no\/tuote\/dam-og-molle\/","title":{"rendered":"Dam og M\u00f8lle reisespill"},"content":{"rendered":"<p>Det er gode grunner til at klassikerne holder seg. Dam ble spilt i Frankrike for tusen \u00e5r siden, mens m\u00f8lle var en favoritt i oldtidens Egypt. I begge spill er m\u00e5let \u00e5 l\u00e5se motspilleren inne, men for \u00e5 vinne trengs det ganske mye strategi. Denne esken inneholder to varige klassikere som garantert tilbyr spenning i minst tusen \u00e5r til!<\/p>\n","protected":false},"excerpt":{"rendered":"<p>Kos dere med en forn\u00f8yelig omgang dam eller m\u00f8lle! I dam pr\u00f8ver du \u00e5 fange eller blokkere alle motstanderens brikker, og i m\u00f8lle vil du redusere motstanderen til bare to brikker eller blokkere alle brikkene. La spillet begynne!<\/p>\n","protected":false},"featured_media":0,"template":"","meta":{"content-type":"","_monsterinsights_skip_tracking":false,"_monsterinsights_sitenote_active":false,"_monsterinsights_sitenote_note":"","_monsterinsights_sitenote_category":0},"product_brand":[],"product_cat":[1587],"product_tag":[1239],"brand":[],"target-group":[],"discontinued":[],"class_list":{"0":"post-204392","1":"product","2":"type-product","3":"status-archive","5":"product_cat-reisespill-familiespill","6":"product_tag-strategi-no","8":"first","9":"instock","10":"taxable","11":"shipping-taxable","12":"product-type-simple"},"aioseo_notices":[],"_links":{"self":[{"href":"https:\/\/games.tactic.net\/no\/wp-json\/wp\/v2\/product\/204392","targetHints":{"allow":["GET"]}}],"collection":[{"href":"https:\/\/games.tactic.net\/no\/wp-json\/wp\/v2\/product"}],"about":[{"href":"https:\/\/games.tactic.net\/no\/wp-json\/wp\/v2\/types\/product"}],"wp:attachment":[{"href":"https:\/\/games.tactic.net\/no\/wp-json\/wp\/v2\/media?parent=204392"}],"wp:term":[{"taxonomy":"product_brand","embeddable":true,"href":"https:\/\/games.tactic.net\/no\/wp-json\/wp\/v2\/product_brand?post=204392"},{"taxonomy":"product_cat","embeddable":true,"href":"https:\/\/games.tactic.net\/no\/wp-json\/wp\/v2\/product_cat?post=204392"},{"taxonomy":"product_tag","embeddable":true,"href":"https:\/\/games.tactic.net\/no\/wp-json\/wp\/v2\/product_tag?post=204392"},{"taxonomy":"brand","embeddable":true,"href":"https:\/\/games.tactic.net\/no\/wp-json\/wp\/v2\/brand?post=204392"},{"taxonomy":"target-group","embeddable":true,"href":"https:\/\/games.tactic.net\/no\/wp-json\/wp\/v2\/target-group?post=204392"},{"taxonomy":"discontinued","embeddable":true,"href":"https:\/\/games.tactic.net\/no\/wp-json\/wp\/v2\/discontinued?post=204392"}],"curies":[{"name":"wp","href":"https:\/\/api.w.org\/{rel}","templated":true}]}}