{"id":204377,"date":"2021-10-05T11:22:53","date_gmt":"2021-10-05T08:22:53","guid":{"rendered":"http:\/\/dev.tactic.net\/tuote\/du-jeg\/"},"modified":"2023-09-27T12:28:56","modified_gmt":"2023-09-27T09:28:56","slug":"du-jeg","status":"publish","type":"product","link":"https:\/\/games.tactic.net\/no\/tuote\/du-jeg\/","title":{"rendered":"Du &#038; jeg reisespill"},"content":{"rendered":"<p>L\u00e6r mer om forholdet deres! Med sp\u00f8rsm\u00e5lene i Du og jeg f\u00e5r spillerne nye synsvinkler og muligheten til \u00e5 bli forelsket i gubben eller kjerringa p\u00e5 nytt. Spill med bare dere to eller med andre par<\/p>\n","protected":false},"excerpt":{"rendered":"<p>N\u00e5 kan dere vise hvor godt dere kan forutsi den andres svar og gjette den andres meninger! Parene svarer p\u00e5 en rekke morsomme sp\u00f8rsm\u00e5l for \u00e5 teste hvor godt de faktisk kjenner hverandre. Men husk at dere bare f\u00e5r poeng n\u00e5r svarene deres er like! Det paret som kjenner hverandre best, vinner spillet.<\/p>\n","protected":false},"featured_media":0,"template":"","meta":{"content-type":"","_monsterinsights_skip_tracking":false,"_monsterinsights_sitenote_active":false,"_monsterinsights_sitenote_note":"","_monsterinsights_sitenote_category":0},"product_brand":[],"product_cat":[1672,1671],"product_tag":[1274,1267,969],"brand":[],"target-group":[],"discontinued":[],"class_list":{"0":"post-204377","1":"product","2":"type-product","3":"status-publish","5":"product_cat-18-voksenspill","6":"product_cat-reisespill-voksenspill","7":"product_tag-kunnskap","8":"product_tag-sammen-no","9":"product_tag-tidsfordriv-2","11":"first","12":"instock","13":"taxable","14":"shipping-taxable","15":"product-type-simple"},"aioseo_notices":[],"_links":{"self":[{"href":"https:\/\/games.tactic.net\/no\/wp-json\/wp\/v2\/product\/204377","targetHints":{"allow":["GET"]}}],"collection":[{"href":"https:\/\/games.tactic.net\/no\/wp-json\/wp\/v2\/product"}],"about":[{"href":"https:\/\/games.tactic.net\/no\/wp-json\/wp\/v2\/types\/product"}],"wp:attachment":[{"href":"https:\/\/games.tactic.net\/no\/wp-json\/wp\/v2\/media?parent=204377"}],"wp:term":[{"taxonomy":"product_brand","embeddable":true,"href":"https:\/\/games.tactic.net\/no\/wp-json\/wp\/v2\/product_brand?post=204377"},{"taxonomy":"product_cat","embeddable":true,"href":"https:\/\/games.tactic.net\/no\/wp-json\/wp\/v2\/product_cat?post=204377"},{"taxonomy":"product_tag","embeddable":true,"href":"https:\/\/games.tactic.net\/no\/wp-json\/wp\/v2\/product_tag?post=204377"},{"taxonomy":"brand","embeddable":true,"href":"https:\/\/games.tactic.net\/no\/wp-json\/wp\/v2\/brand?post=204377"},{"taxonomy":"target-group","embeddable":true,"href":"https:\/\/games.tactic.net\/no\/wp-json\/wp\/v2\/target-group?post=204377"},{"taxonomy":"discontinued","embeddable":true,"href":"https:\/\/games.tactic.net\/no\/wp-json\/wp\/v2\/discontinued?post=204377"}],"curies":[{"name":"wp","href":"https:\/\/api.w.org\/{rel}","templated":true}]}}