{"id":204334,"date":"2021-10-05T11:21:12","date_gmt":"2021-10-05T08:21:12","guid":{"rendered":"http:\/\/dev.tactic.net\/tuote\/sant-eller-usant-2\/"},"modified":"2023-09-27T12:29:36","modified_gmt":"2023-09-27T09:29:36","slug":"sant-eller-usant-2","status":"publish","type":"product","link":"https:\/\/games.tactic.net\/no\/tuote\/sant-eller-usant-2\/","title":{"rendered":"Sant eller usant reisespill"},"content":{"rendered":"<p>Hva er fleip og hva er fakta? Kan du skille de riktige p\u00e5standene fra det rene sludderet p\u00e5 hvert av kortene? Sant eller usant er perfekt \u00e5 ta med p\u00e5 reise og har stor underholdningsverdi selv i en trafikkork.<\/p>\n","protected":false},"excerpt":{"rendered":"<p>Sludder? P\u00f8lsevev? Visvas? Snikksnakk? \u2026 eller kan det v\u00e6re sant? Du f\u00e5r h\u00f8re en rekke p\u00e5stander, og s\u00e5 er det opp til deg \u00e5 si hva som er sant og hva som er usant! Klarer du \u00e5 avsl\u00f8re l\u00f8gnene og f\u00e5 flest poeng, eller er du den lettlurte typen? Sl\u00e5 p\u00e5 den interne l\u00f8gndetektoren, og begynn spillet!<\/p>\n","protected":false},"featured_media":0,"template":"","meta":{"content-type":"","_monsterinsights_skip_tracking":false,"_monsterinsights_sitenote_active":false,"_monsterinsights_sitenote_note":"","_monsterinsights_sitenote_category":0},"product_brand":[],"product_cat":[1587],"product_tag":[1003,1274,969],"brand":[],"target-group":[],"discontinued":[],"class_list":{"0":"post-204334","1":"product","2":"type-product","3":"status-publish","5":"product_cat-reisespill-familiespill","6":"product_tag-hell","7":"product_tag-kunnskap","8":"product_tag-tidsfordriv-2","10":"first","11":"instock","12":"taxable","13":"shipping-taxable","14":"product-type-simple"},"aioseo_notices":[],"_links":{"self":[{"href":"https:\/\/games.tactic.net\/no\/wp-json\/wp\/v2\/product\/204334","targetHints":{"allow":["GET"]}}],"collection":[{"href":"https:\/\/games.tactic.net\/no\/wp-json\/wp\/v2\/product"}],"about":[{"href":"https:\/\/games.tactic.net\/no\/wp-json\/wp\/v2\/types\/product"}],"wp:attachment":[{"href":"https:\/\/games.tactic.net\/no\/wp-json\/wp\/v2\/media?parent=204334"}],"wp:term":[{"taxonomy":"product_brand","embeddable":true,"href":"https:\/\/games.tactic.net\/no\/wp-json\/wp\/v2\/product_brand?post=204334"},{"taxonomy":"product_cat","embeddable":true,"href":"https:\/\/games.tactic.net\/no\/wp-json\/wp\/v2\/product_cat?post=204334"},{"taxonomy":"product_tag","embeddable":true,"href":"https:\/\/games.tactic.net\/no\/wp-json\/wp\/v2\/product_tag?post=204334"},{"taxonomy":"brand","embeddable":true,"href":"https:\/\/games.tactic.net\/no\/wp-json\/wp\/v2\/brand?post=204334"},{"taxonomy":"target-group","embeddable":true,"href":"https:\/\/games.tactic.net\/no\/wp-json\/wp\/v2\/target-group?post=204334"},{"taxonomy":"discontinued","embeddable":true,"href":"https:\/\/games.tactic.net\/no\/wp-json\/wp\/v2\/discontinued?post=204334"}],"curies":[{"name":"wp","href":"https:\/\/api.w.org\/{rel}","templated":true}]}}