{"id":204291,"date":"2021-10-05T11:19:25","date_gmt":"2021-10-05T08:19:25","guid":{"rendered":"http:\/\/dev.tactic.net\/tuote\/stigespill-2\/"},"modified":"2023-10-17T19:08:41","modified_gmt":"2023-10-17T16:08:41","slug":"stigespill-2","status":"publish","type":"product","link":"https:\/\/games.tactic.net\/no\/tuote\/stigespill-2\/","title":{"rendered":"Stigespill reisespill"},"content":{"rendered":"<p>Ikke reis p\u00e5 sommerferie uten den perfekte ledsageren! I denne familiefavoritten g\u00e5r spillerne mot m\u00e5l ved \u00e5 rulle terningen og klatre opp stigen. Du kan enkelt hoppe foran hopen, men v\u00e6r forsiktig, for noen stiger leder deg rett tilbake igjen.<\/p>\n","protected":false},"excerpt":{"rendered":"<p>Rull terningen og begynn kappl\u00f8pet! Er du heldig, lander du p\u00e5 en rute med bl\u00e5 stige og hopper foran de andre spillerne. Men pass deg for de r\u00f8de stigene, for der faller du ned. Vinneren er den som kommer f\u00f8rst i m\u00e5l!<\/p>\n","protected":false},"featured_media":0,"template":"","meta":{"content-type":"","_monsterinsights_skip_tracking":false,"_monsterinsights_sitenote_active":false,"_monsterinsights_sitenote_note":"","_monsterinsights_sitenote_category":0},"product_brand":[],"product_cat":[1608],"product_tag":[1003],"brand":[],"target-group":[],"discontinued":[],"class_list":{"0":"post-204291","1":"product","2":"type-product","3":"status-publish","5":"product_cat-reisespill-barnespill","6":"product_tag-hell","8":"first","9":"instock","10":"taxable","11":"shipping-taxable","12":"product-type-simple"},"aioseo_notices":[],"_links":{"self":[{"href":"https:\/\/games.tactic.net\/no\/wp-json\/wp\/v2\/product\/204291","targetHints":{"allow":["GET"]}}],"collection":[{"href":"https:\/\/games.tactic.net\/no\/wp-json\/wp\/v2\/product"}],"about":[{"href":"https:\/\/games.tactic.net\/no\/wp-json\/wp\/v2\/types\/product"}],"wp:attachment":[{"href":"https:\/\/games.tactic.net\/no\/wp-json\/wp\/v2\/media?parent=204291"}],"wp:term":[{"taxonomy":"product_brand","embeddable":true,"href":"https:\/\/games.tactic.net\/no\/wp-json\/wp\/v2\/product_brand?post=204291"},{"taxonomy":"product_cat","embeddable":true,"href":"https:\/\/games.tactic.net\/no\/wp-json\/wp\/v2\/product_cat?post=204291"},{"taxonomy":"product_tag","embeddable":true,"href":"https:\/\/games.tactic.net\/no\/wp-json\/wp\/v2\/product_tag?post=204291"},{"taxonomy":"brand","embeddable":true,"href":"https:\/\/games.tactic.net\/no\/wp-json\/wp\/v2\/brand?post=204291"},{"taxonomy":"target-group","embeddable":true,"href":"https:\/\/games.tactic.net\/no\/wp-json\/wp\/v2\/target-group?post=204291"},{"taxonomy":"discontinued","embeddable":true,"href":"https:\/\/games.tactic.net\/no\/wp-json\/wp\/v2\/discontinued?post=204291"}],"curies":[{"name":"wp","href":"https:\/\/api.w.org\/{rel}","templated":true}]}}