{"id":204247,"date":"2021-10-05T11:06:55","date_gmt":"2021-10-05T08:06:55","guid":{"rendered":"http:\/\/dev.tactic.net\/tuote\/frukt-og-tall-lotto\/"},"modified":"2023-10-25T14:22:26","modified_gmt":"2023-10-25T11:22:26","slug":"frukt-og-tall-lotto","status":"publish","type":"product","link":"https:\/\/games.tactic.net\/no\/tuote\/frukt-og-tall-lotto\/","title":{"rendered":"Frukt og tall Lotto"},"content":{"rendered":"<p>Plukk en brikke og se om du kan finne den p\u00e5 Lotto-brettet ditt, mens de andre spillerne sjekker sine brett. Spilleren som f\u00f8rst fyller Lotto-brettet sitt vinner spillet! L\u00e6r om farge- og formgjenkjenning! Et elsket klassisk spill! Spillkomponenter i h\u00f8y kvalitet gj\u00f8r spillet slitesterkt.<\/p>\n","protected":false},"excerpt":{"rendered":"<p>Plukk en brikke og se om du kan finne den p\u00e5 Lotto-brettet ditt, mens de andre spillerne sjekker sine brett. Spilleren som f\u00f8rst fyller Lotto-brettet sitt vinner spillet!<\/p>\n","protected":false},"featured_media":0,"template":"","meta":{"content-type":"","_monsterinsights_skip_tracking":false,"_monsterinsights_sitenote_active":false,"_monsterinsights_sitenote_note":"","_monsterinsights_sitenote_category":0},"product_brand":[],"product_cat":[1651],"product_tag":[1233],"brand":[],"target-group":[],"discontinued":[],"class_list":{"0":"post-204247","1":"product","2":"type-product","3":"status-publish","5":"product_cat-memospill","6":"product_tag-kombinere-no","8":"first","9":"instock","10":"taxable","11":"shipping-taxable","12":"product-type-simple"},"aioseo_notices":[],"_links":{"self":[{"href":"https:\/\/games.tactic.net\/no\/wp-json\/wp\/v2\/product\/204247","targetHints":{"allow":["GET"]}}],"collection":[{"href":"https:\/\/games.tactic.net\/no\/wp-json\/wp\/v2\/product"}],"about":[{"href":"https:\/\/games.tactic.net\/no\/wp-json\/wp\/v2\/types\/product"}],"wp:attachment":[{"href":"https:\/\/games.tactic.net\/no\/wp-json\/wp\/v2\/media?parent=204247"}],"wp:term":[{"taxonomy":"product_brand","embeddable":true,"href":"https:\/\/games.tactic.net\/no\/wp-json\/wp\/v2\/product_brand?post=204247"},{"taxonomy":"product_cat","embeddable":true,"href":"https:\/\/games.tactic.net\/no\/wp-json\/wp\/v2\/product_cat?post=204247"},{"taxonomy":"product_tag","embeddable":true,"href":"https:\/\/games.tactic.net\/no\/wp-json\/wp\/v2\/product_tag?post=204247"},{"taxonomy":"brand","embeddable":true,"href":"https:\/\/games.tactic.net\/no\/wp-json\/wp\/v2\/brand?post=204247"},{"taxonomy":"target-group","embeddable":true,"href":"https:\/\/games.tactic.net\/no\/wp-json\/wp\/v2\/target-group?post=204247"},{"taxonomy":"discontinued","embeddable":true,"href":"https:\/\/games.tactic.net\/no\/wp-json\/wp\/v2\/discontinued?post=204247"}],"curies":[{"name":"wp","href":"https:\/\/api.w.org\/{rel}","templated":true}]}}