{"id":204232,"date":"2021-10-05T11:05:48","date_gmt":"2021-10-05T08:05:48","guid":{"rendered":"http:\/\/dev.tactic.net\/tuote\/bilde-lotto\/"},"modified":"2023-10-25T13:51:19","modified_gmt":"2023-10-25T10:51:19","slug":"bilde-lotto","status":"publish","type":"product","link":"https:\/\/games.tactic.net\/no\/tuote\/bilde-lotto\/","title":{"rendered":"Bilde Lotto"},"content":{"rendered":"<p>Snu opp en brikke i fors\u00f8k p\u00e5 \u00e5 finne den p\u00e5 Lotto-brettet ditt. Spilleren som f\u00f8rst fyller Lotto-brettet sitt med brikker vinner! For opp til 12 spillere! Spillet er sv\u00e6rt enkelt \u00e5 sette opp. Passer for sv\u00e6rt unge spillere.<\/p>\n","protected":false},"excerpt":{"rendered":"<p>Ta en brikke og finn den p\u00e5 ditt eget Lotto-brett! Spilleren som f\u00f8rst fyller Lotto-brettet sitt med brikker vinner! Opp til 12 spillere kan spille denne artige versjonen av det klassiske Lotto-spillet!<\/p>\n","protected":false},"featured_media":0,"template":"","meta":{"content-type":"","_monsterinsights_skip_tracking":false,"_monsterinsights_sitenote_active":false,"_monsterinsights_sitenote_note":"","_monsterinsights_sitenote_category":0},"product_brand":[],"product_cat":[1651],"product_tag":[1233],"brand":[],"target-group":[],"discontinued":[],"class_list":{"0":"post-204232","1":"product","2":"type-product","3":"status-publish","5":"product_cat-memospill","6":"product_tag-kombinere-no","8":"first","9":"instock","10":"taxable","11":"shipping-taxable","12":"product-type-simple"},"aioseo_notices":[],"_links":{"self":[{"href":"https:\/\/games.tactic.net\/no\/wp-json\/wp\/v2\/product\/204232","targetHints":{"allow":["GET"]}}],"collection":[{"href":"https:\/\/games.tactic.net\/no\/wp-json\/wp\/v2\/product"}],"about":[{"href":"https:\/\/games.tactic.net\/no\/wp-json\/wp\/v2\/types\/product"}],"wp:attachment":[{"href":"https:\/\/games.tactic.net\/no\/wp-json\/wp\/v2\/media?parent=204232"}],"wp:term":[{"taxonomy":"product_brand","embeddable":true,"href":"https:\/\/games.tactic.net\/no\/wp-json\/wp\/v2\/product_brand?post=204232"},{"taxonomy":"product_cat","embeddable":true,"href":"https:\/\/games.tactic.net\/no\/wp-json\/wp\/v2\/product_cat?post=204232"},{"taxonomy":"product_tag","embeddable":true,"href":"https:\/\/games.tactic.net\/no\/wp-json\/wp\/v2\/product_tag?post=204232"},{"taxonomy":"brand","embeddable":true,"href":"https:\/\/games.tactic.net\/no\/wp-json\/wp\/v2\/brand?post=204232"},{"taxonomy":"target-group","embeddable":true,"href":"https:\/\/games.tactic.net\/no\/wp-json\/wp\/v2\/target-group?post=204232"},{"taxonomy":"discontinued","embeddable":true,"href":"https:\/\/games.tactic.net\/no\/wp-json\/wp\/v2\/discontinued?post=204232"}],"curies":[{"name":"wp","href":"https:\/\/api.w.org\/{rel}","templated":true}]}}