{"id":204187,"date":"2021-10-05T11:03:41","date_gmt":"2021-10-05T08:03:41","guid":{"rendered":"http:\/\/dev.tactic.net\/tuote\/abc-memo\/"},"modified":"2023-09-26T20:05:08","modified_gmt":"2023-09-26T17:05:08","slug":"abc-memo","status":"publish","type":"product","link":"https:\/\/games.tactic.net\/no\/tuote\/abc-memo\/","title":{"rendered":"ABC Memo"},"content":{"rendered":"<p>Snu opp to Memo-brikker i fors\u00f8k p\u00e5 \u00e5 danne par. Du f\u00e5r beholde alle parene du finner og spilleren med flest par ved spillets slutt vinner!<br \/>\nBarna l\u00e6rer om alfabetet med fargerike brikker med bokstavbilder.<\/p>\n","protected":false},"excerpt":{"rendered":"<p>Snu opp to Memo-brikker i fors\u00f8k p\u00e5 \u00e5 danne par. Du f\u00e5r beholde alle parene du finner og spilleren med flest par ved spillets slutt vinner!<\/p>\n","protected":false},"featured_media":0,"template":"","meta":{"content-type":"","_monsterinsights_skip_tracking":false,"_monsterinsights_sitenote_active":false,"_monsterinsights_sitenote_note":"","_monsterinsights_sitenote_category":0},"product_brand":[],"product_cat":[1651],"product_tag":[1255],"brand":[],"target-group":[],"discontinued":[],"class_list":{"0":"post-204187","1":"product","2":"type-product","3":"status-publish","5":"product_cat-memospill","6":"product_tag-pedagogisk-no","8":"first","9":"instock","10":"taxable","11":"shipping-taxable","12":"product-type-simple"},"aioseo_notices":[],"_links":{"self":[{"href":"https:\/\/games.tactic.net\/no\/wp-json\/wp\/v2\/product\/204187","targetHints":{"allow":["GET"]}}],"collection":[{"href":"https:\/\/games.tactic.net\/no\/wp-json\/wp\/v2\/product"}],"about":[{"href":"https:\/\/games.tactic.net\/no\/wp-json\/wp\/v2\/types\/product"}],"wp:attachment":[{"href":"https:\/\/games.tactic.net\/no\/wp-json\/wp\/v2\/media?parent=204187"}],"wp:term":[{"taxonomy":"product_brand","embeddable":true,"href":"https:\/\/games.tactic.net\/no\/wp-json\/wp\/v2\/product_brand?post=204187"},{"taxonomy":"product_cat","embeddable":true,"href":"https:\/\/games.tactic.net\/no\/wp-json\/wp\/v2\/product_cat?post=204187"},{"taxonomy":"product_tag","embeddable":true,"href":"https:\/\/games.tactic.net\/no\/wp-json\/wp\/v2\/product_tag?post=204187"},{"taxonomy":"brand","embeddable":true,"href":"https:\/\/games.tactic.net\/no\/wp-json\/wp\/v2\/brand?post=204187"},{"taxonomy":"target-group","embeddable":true,"href":"https:\/\/games.tactic.net\/no\/wp-json\/wp\/v2\/target-group?post=204187"},{"taxonomy":"discontinued","embeddable":true,"href":"https:\/\/games.tactic.net\/no\/wp-json\/wp\/v2\/discontinued?post=204187"}],"curies":[{"name":"wp","href":"https:\/\/api.w.org\/{rel}","templated":true}]}}