{"id":204082,"date":"2021-10-05T10:57:41","date_gmt":"2021-10-05T07:57:41","guid":{"rendered":"http:\/\/dev.tactic.net\/tuote\/memo-kryp\/"},"modified":"2023-10-25T13:39:55","modified_gmt":"2023-10-25T10:39:55","slug":"memo-kryp","status":"publish","type":"product","link":"https:\/\/games.tactic.net\/no\/tuote\/memo-kryp\/","title":{"rendered":"Memo Kryp"},"content":{"rendered":"<p>Et fargerikt minnespill fullt av utrolige sm\u00e5kryp! Legg ut platene p\u00e5 bordet, og snu to av dem om gangen. Hvis bildene p\u00e5 platene er like, kan du ta dem. Vinneren av spillet er den som samler flest par!<br \/>\nMed detaljerte og fargerike bilder av sm\u00e5kryp!<br \/>\nDette enkle spillet er perfekt for selv de yngste spillerne.<br \/>\nLar yngre spillere \u00f8ve p\u00e5 \u00e5 finne to like.<\/p>\n","protected":false},"excerpt":{"rendered":"<p>Et fargerikt minnespill fullt av utrolige sm\u00e5kryp! Legg ut platene p\u00e5 bordet, og snu to av dem om gangen. Hvis bildene p\u00e5 platene er like, kan du ta dem. Vinneren av spillet er den som samler flest par!<\/p>\n","protected":false},"featured_media":0,"template":"","meta":{"content-type":"","_monsterinsights_skip_tracking":false,"_monsterinsights_sitenote_active":false,"_monsterinsights_sitenote_note":"","_monsterinsights_sitenote_category":0},"product_brand":[],"product_cat":[1651],"product_tag":[1233],"brand":[],"target-group":[],"discontinued":[],"class_list":{"0":"post-204082","1":"product","2":"type-product","3":"status-publish","5":"product_cat-memospill","6":"product_tag-kombinere-no","8":"first","9":"instock","10":"taxable","11":"shipping-taxable","12":"product-type-simple"},"aioseo_notices":[],"_links":{"self":[{"href":"https:\/\/games.tactic.net\/no\/wp-json\/wp\/v2\/product\/204082","targetHints":{"allow":["GET"]}}],"collection":[{"href":"https:\/\/games.tactic.net\/no\/wp-json\/wp\/v2\/product"}],"about":[{"href":"https:\/\/games.tactic.net\/no\/wp-json\/wp\/v2\/types\/product"}],"wp:attachment":[{"href":"https:\/\/games.tactic.net\/no\/wp-json\/wp\/v2\/media?parent=204082"}],"wp:term":[{"taxonomy":"product_brand","embeddable":true,"href":"https:\/\/games.tactic.net\/no\/wp-json\/wp\/v2\/product_brand?post=204082"},{"taxonomy":"product_cat","embeddable":true,"href":"https:\/\/games.tactic.net\/no\/wp-json\/wp\/v2\/product_cat?post=204082"},{"taxonomy":"product_tag","embeddable":true,"href":"https:\/\/games.tactic.net\/no\/wp-json\/wp\/v2\/product_tag?post=204082"},{"taxonomy":"brand","embeddable":true,"href":"https:\/\/games.tactic.net\/no\/wp-json\/wp\/v2\/brand?post=204082"},{"taxonomy":"target-group","embeddable":true,"href":"https:\/\/games.tactic.net\/no\/wp-json\/wp\/v2\/target-group?post=204082"},{"taxonomy":"discontinued","embeddable":true,"href":"https:\/\/games.tactic.net\/no\/wp-json\/wp\/v2\/discontinued?post=204082"}],"curies":[{"name":"wp","href":"https:\/\/api.w.org\/{rel}","templated":true}]}}