{"id":204067,"date":"2021-10-05T10:56:56","date_gmt":"2021-10-05T07:56:56","guid":{"rendered":"http:\/\/dev.tactic.net\/tuote\/memo-jobb\/"},"modified":"2023-10-25T13:41:47","modified_gmt":"2023-10-25T10:41:47","slug":"memo-jobb","status":"publish","type":"product","link":"https:\/\/games.tactic.net\/no\/tuote\/memo-jobb\/","title":{"rendered":"Memo Jobb"},"content":{"rendered":"<p>Et fargerikt minnespill fullt av forskjellige yrker! Legg ut platene p\u00e5 bordet, og snu to av dem om gangen. Hvis bildene p\u00e5 platene er like, kan du ta dem. Vinneren av spillet er den som samler flest par!<br \/>\nMorsom m\u00e5te \u00e5 l\u00e6re om ulike jobber p\u00e5!<br \/>\nDette enkle spillet er perfekt for selv de yngste spillerne.<br \/>\nLar yngre spillere \u00f8ve p\u00e5 \u00e5 finne to like.<\/p>\n","protected":false},"excerpt":{"rendered":"<p>Et fargerikt minnespill fullt av forskjellige yrker! Legg ut platene p\u00e5 bordet, og snu to av dem om gangen. Hvis bildene p\u00e5 platene er like, kan du ta dem. Vinneren av spillet er den som samler flest par!<\/p>\n","protected":false},"featured_media":0,"template":"","meta":{"content-type":"","_monsterinsights_skip_tracking":false,"_monsterinsights_sitenote_active":false,"_monsterinsights_sitenote_note":"","_monsterinsights_sitenote_category":0},"product_brand":[],"product_cat":[1651],"product_tag":[1233],"brand":[],"target-group":[],"discontinued":[],"class_list":{"0":"post-204067","1":"product","2":"type-product","3":"status-publish","5":"product_cat-memospill","6":"product_tag-kombinere-no","8":"first","9":"instock","10":"taxable","11":"shipping-taxable","12":"product-type-simple"},"aioseo_notices":[],"_links":{"self":[{"href":"https:\/\/games.tactic.net\/no\/wp-json\/wp\/v2\/product\/204067","targetHints":{"allow":["GET"]}}],"collection":[{"href":"https:\/\/games.tactic.net\/no\/wp-json\/wp\/v2\/product"}],"about":[{"href":"https:\/\/games.tactic.net\/no\/wp-json\/wp\/v2\/types\/product"}],"wp:attachment":[{"href":"https:\/\/games.tactic.net\/no\/wp-json\/wp\/v2\/media?parent=204067"}],"wp:term":[{"taxonomy":"product_brand","embeddable":true,"href":"https:\/\/games.tactic.net\/no\/wp-json\/wp\/v2\/product_brand?post=204067"},{"taxonomy":"product_cat","embeddable":true,"href":"https:\/\/games.tactic.net\/no\/wp-json\/wp\/v2\/product_cat?post=204067"},{"taxonomy":"product_tag","embeddable":true,"href":"https:\/\/games.tactic.net\/no\/wp-json\/wp\/v2\/product_tag?post=204067"},{"taxonomy":"brand","embeddable":true,"href":"https:\/\/games.tactic.net\/no\/wp-json\/wp\/v2\/brand?post=204067"},{"taxonomy":"target-group","embeddable":true,"href":"https:\/\/games.tactic.net\/no\/wp-json\/wp\/v2\/target-group?post=204067"},{"taxonomy":"discontinued","embeddable":true,"href":"https:\/\/games.tactic.net\/no\/wp-json\/wp\/v2\/discontinued?post=204067"}],"curies":[{"name":"wp","href":"https:\/\/api.w.org\/{rel}","templated":true}]}}