{"id":203993,"date":"2021-10-05T10:52:00","date_gmt":"2021-10-05T07:52:00","guid":{"rendered":"http:\/\/dev.tactic.net\/tuote\/top-magic-xxl-box\/"},"modified":"2023-10-25T14:02:42","modified_gmt":"2023-10-25T11:02:42","slug":"top-magic-xxl-box","status":"publish","type":"product","link":"https:\/\/games.tactic.net\/no\/tuote\/top-magic-xxl-box\/","title":{"rendered":"Top Magic XXL Magic Box"},"content":{"rendered":"<p>\u00d8v p\u00e5 korttriks, forsvinningstriks, mynttriks og tall\u00f8se andre tryllekunstner med dette komplette settet fullt av magisk utstyr.<br \/>\nKommer med tydelige og illustrerte instruksjoner.<br \/>\nInneholder utstyret og instruksjoner til over 55 triks!<br \/>\nOgs\u00e5 flott for yngre tryllekunstnere.<\/p>\n","protected":false},"excerpt":{"rendered":"<p>\u00d8v p\u00e5 korttriks, forsvinningstriks, mynttriks og tall\u00f8se andre tryllekunstner med dette komplette settet fullt av magisk utstyr.<\/p>\n","protected":false},"featured_media":0,"template":"","meta":{"content-type":"","_monsterinsights_skip_tracking":false,"_monsterinsights_sitenote_active":false,"_monsterinsights_sitenote_note":"","_monsterinsights_sitenote_category":0},"product_brand":[],"product_cat":[1595],"product_tag":[],"brand":[],"target-group":[],"discontinued":[],"class_list":{"0":"post-203993","1":"product","2":"type-product","3":"status-publish","5":"product_cat-tryllesett-leker","7":"first","8":"instock","9":"taxable","10":"shipping-taxable","11":"product-type-simple"},"aioseo_notices":[],"_links":{"self":[{"href":"https:\/\/games.tactic.net\/no\/wp-json\/wp\/v2\/product\/203993","targetHints":{"allow":["GET"]}}],"collection":[{"href":"https:\/\/games.tactic.net\/no\/wp-json\/wp\/v2\/product"}],"about":[{"href":"https:\/\/games.tactic.net\/no\/wp-json\/wp\/v2\/types\/product"}],"wp:attachment":[{"href":"https:\/\/games.tactic.net\/no\/wp-json\/wp\/v2\/media?parent=203993"}],"wp:term":[{"taxonomy":"product_brand","embeddable":true,"href":"https:\/\/games.tactic.net\/no\/wp-json\/wp\/v2\/product_brand?post=203993"},{"taxonomy":"product_cat","embeddable":true,"href":"https:\/\/games.tactic.net\/no\/wp-json\/wp\/v2\/product_cat?post=203993"},{"taxonomy":"product_tag","embeddable":true,"href":"https:\/\/games.tactic.net\/no\/wp-json\/wp\/v2\/product_tag?post=203993"},{"taxonomy":"brand","embeddable":true,"href":"https:\/\/games.tactic.net\/no\/wp-json\/wp\/v2\/brand?post=203993"},{"taxonomy":"target-group","embeddable":true,"href":"https:\/\/games.tactic.net\/no\/wp-json\/wp\/v2\/target-group?post=203993"},{"taxonomy":"discontinued","embeddable":true,"href":"https:\/\/games.tactic.net\/no\/wp-json\/wp\/v2\/discontinued?post=203993"}],"curies":[{"name":"wp","href":"https:\/\/api.w.org\/{rel}","templated":true}]}}