{"id":203904,"date":"2021-10-05T10:45:56","date_gmt":"2021-10-05T07:45:56","guid":{"rendered":"http:\/\/dev.tactic.net\/tuote\/rustic-backgammon\/"},"modified":"2023-10-25T15:52:27","modified_gmt":"2023-10-25T12:52:27","slug":"rustic-backgammon","status":"publish","type":"product","link":"https:\/\/games.tactic.net\/no\/tuote\/rustic-backgammon\/","title":{"rendered":"Rustic Backgammon"},"content":{"rendered":"<p>Flytt brikkene dine rundt brettet, og av brettet, f\u00f8r motstanderen din gj\u00f8r det. Et historisk brettspill. Selv om spillet er lett \u00e5 l\u00e6re, er det alltid mulig \u00e5 bli bedre. Hellfaktoren er et velkomment tillegg i spillet.<\/p>\n","protected":false},"excerpt":{"rendered":"<p>Flytt brikkene dine rundt brettet, og av brettet, f\u00f8r motstanderen din gj\u00f8r det.<\/p>\n","protected":false},"featured_media":0,"template":"","meta":{"content-type":"","_monsterinsights_skip_tracking":false,"_monsterinsights_sitenote_active":false,"_monsterinsights_sitenote_note":"","_monsterinsights_sitenote_category":0},"product_brand":[],"product_cat":[1599,1610],"product_tag":[1003,1239,974],"brand":[],"target-group":[],"discontinued":[],"class_list":{"0":"post-203904","1":"product","2":"type-product","3":"status-publish","5":"product_cat-klassiske-spill-familiespill","6":"product_cat-klassiske-spill-voksenspill","7":"product_tag-hell","8":"product_tag-strategi-no","9":"product_tag-taktikk","11":"first","12":"instock","13":"taxable","14":"shipping-taxable","15":"product-type-simple"},"aioseo_notices":[],"_links":{"self":[{"href":"https:\/\/games.tactic.net\/no\/wp-json\/wp\/v2\/product\/203904","targetHints":{"allow":["GET"]}}],"collection":[{"href":"https:\/\/games.tactic.net\/no\/wp-json\/wp\/v2\/product"}],"about":[{"href":"https:\/\/games.tactic.net\/no\/wp-json\/wp\/v2\/types\/product"}],"wp:attachment":[{"href":"https:\/\/games.tactic.net\/no\/wp-json\/wp\/v2\/media?parent=203904"}],"wp:term":[{"taxonomy":"product_brand","embeddable":true,"href":"https:\/\/games.tactic.net\/no\/wp-json\/wp\/v2\/product_brand?post=203904"},{"taxonomy":"product_cat","embeddable":true,"href":"https:\/\/games.tactic.net\/no\/wp-json\/wp\/v2\/product_cat?post=203904"},{"taxonomy":"product_tag","embeddable":true,"href":"https:\/\/games.tactic.net\/no\/wp-json\/wp\/v2\/product_tag?post=203904"},{"taxonomy":"brand","embeddable":true,"href":"https:\/\/games.tactic.net\/no\/wp-json\/wp\/v2\/brand?post=203904"},{"taxonomy":"target-group","embeddable":true,"href":"https:\/\/games.tactic.net\/no\/wp-json\/wp\/v2\/target-group?post=203904"},{"taxonomy":"discontinued","embeddable":true,"href":"https:\/\/games.tactic.net\/no\/wp-json\/wp\/v2\/discontinued?post=203904"}],"curies":[{"name":"wp","href":"https:\/\/api.w.org\/{rel}","templated":true}]}}