{"id":203889,"date":"2021-10-05T10:43:55","date_gmt":"2021-10-05T07:43:55","guid":{"rendered":"http:\/\/dev.tactic.net\/tuote\/rustic-sjakk\/"},"modified":"2023-10-25T15:53:34","modified_gmt":"2023-10-25T12:53:34","slug":"rustic-sjakk","status":"publish","type":"product","link":"https:\/\/games.tactic.net\/no\/tuote\/rustic-sjakk\/","title":{"rendered":"Rustic Sjakk"},"content":{"rendered":"<p>I dette duellspillet flytter spillerne sine sjakkbrikker lenger og lenger over brettet, i et fors\u00f8k p\u00e5 \u00e5 sl\u00e5 ut motstanderens konge. Verdens mest popul\u00e6re spill! Sjakk fascinerer spillere fra den ene generasjonen til den neste. Et klassisk strategispill.<\/p>\n","protected":false},"excerpt":{"rendered":"<p>I dette duellspillet flytter spillerne sine sjakkbrikker lenger og lenger over brettet, i et fors\u00f8k p\u00e5 \u00e5 sl\u00e5 ut motstanderens konge.<\/p>\n","protected":false},"featured_media":0,"template":"","meta":{"content-type":"","_monsterinsights_skip_tracking":false,"_monsterinsights_sitenote_active":false,"_monsterinsights_sitenote_note":"","_monsterinsights_sitenote_category":0},"product_brand":[],"product_cat":[1599,1610],"product_tag":[1239,974],"brand":[],"target-group":[],"discontinued":[],"class_list":{"0":"post-203889","1":"product","2":"type-product","3":"status-publish","5":"product_cat-klassiske-spill-familiespill","6":"product_cat-klassiske-spill-voksenspill","7":"product_tag-strategi-no","8":"product_tag-taktikk","10":"first","11":"instock","12":"taxable","13":"shipping-taxable","14":"product-type-simple"},"aioseo_notices":[],"_links":{"self":[{"href":"https:\/\/games.tactic.net\/no\/wp-json\/wp\/v2\/product\/203889","targetHints":{"allow":["GET"]}}],"collection":[{"href":"https:\/\/games.tactic.net\/no\/wp-json\/wp\/v2\/product"}],"about":[{"href":"https:\/\/games.tactic.net\/no\/wp-json\/wp\/v2\/types\/product"}],"wp:attachment":[{"href":"https:\/\/games.tactic.net\/no\/wp-json\/wp\/v2\/media?parent=203889"}],"wp:term":[{"taxonomy":"product_brand","embeddable":true,"href":"https:\/\/games.tactic.net\/no\/wp-json\/wp\/v2\/product_brand?post=203889"},{"taxonomy":"product_cat","embeddable":true,"href":"https:\/\/games.tactic.net\/no\/wp-json\/wp\/v2\/product_cat?post=203889"},{"taxonomy":"product_tag","embeddable":true,"href":"https:\/\/games.tactic.net\/no\/wp-json\/wp\/v2\/product_tag?post=203889"},{"taxonomy":"brand","embeddable":true,"href":"https:\/\/games.tactic.net\/no\/wp-json\/wp\/v2\/brand?post=203889"},{"taxonomy":"target-group","embeddable":true,"href":"https:\/\/games.tactic.net\/no\/wp-json\/wp\/v2\/target-group?post=203889"},{"taxonomy":"discontinued","embeddable":true,"href":"https:\/\/games.tactic.net\/no\/wp-json\/wp\/v2\/discontinued?post=203889"}],"curies":[{"name":"wp","href":"https:\/\/api.w.org\/{rel}","templated":true}]}}