{"id":203874,"date":"2021-10-05T10:43:14","date_gmt":"2021-10-05T07:43:14","guid":{"rendered":"http:\/\/dev.tactic.net\/tuote\/deluxe-rummy\/"},"modified":"2023-10-25T14:58:48","modified_gmt":"2023-10-25T11:58:48","slug":"deluxe-rummy","status":"publish","type":"product","link":"https:\/\/games.tactic.net\/no\/tuote\/deluxe-rummy\/","title":{"rendered":"Deluxe Rummy board game"},"content":{"rendered":"<p>Lag kombinasjoner med brikkene og legg den til sett som allerede ligger p\u00e5 bordet. Spilleren som f\u00f8rst kvitter seg med alle brikkene vinner spillet. Et flott familievennlig spill. Lett \u00e5 l\u00e6re, men fortsetter \u00e5 v\u00e6re en artig utfordring for erfarne spillere. Inneholder gode kvalitetskomponenter. Innbyr til masser med moro og kreativ strategi.<\/p>\n","protected":false},"excerpt":{"rendered":"<p>Lag kombinasjoner med brikkene og legg den til sett som allerede ligger p\u00e5 bordet. Spilleren som f\u00f8rst kvitter seg med alle brikkene vinner spillet.<\/p>\n","protected":false},"featured_media":0,"template":"","meta":{"content-type":"","_monsterinsights_skip_tracking":false,"_monsterinsights_sitenote_active":false,"_monsterinsights_sitenote_note":"","_monsterinsights_sitenote_category":0},"product_brand":[],"product_cat":[1599,1610],"product_tag":[1233,1239],"brand":[],"target-group":[],"discontinued":[],"class_list":{"0":"post-203874","1":"product","2":"type-product","3":"status-publish","5":"product_cat-klassiske-spill-familiespill","6":"product_cat-klassiske-spill-voksenspill","7":"product_tag-kombinere-no","8":"product_tag-strategi-no","10":"first","11":"instock","12":"taxable","13":"shipping-taxable","14":"product-type-simple"},"aioseo_notices":[],"_links":{"self":[{"href":"https:\/\/games.tactic.net\/no\/wp-json\/wp\/v2\/product\/203874","targetHints":{"allow":["GET"]}}],"collection":[{"href":"https:\/\/games.tactic.net\/no\/wp-json\/wp\/v2\/product"}],"about":[{"href":"https:\/\/games.tactic.net\/no\/wp-json\/wp\/v2\/types\/product"}],"wp:attachment":[{"href":"https:\/\/games.tactic.net\/no\/wp-json\/wp\/v2\/media?parent=203874"}],"wp:term":[{"taxonomy":"product_brand","embeddable":true,"href":"https:\/\/games.tactic.net\/no\/wp-json\/wp\/v2\/product_brand?post=203874"},{"taxonomy":"product_cat","embeddable":true,"href":"https:\/\/games.tactic.net\/no\/wp-json\/wp\/v2\/product_cat?post=203874"},{"taxonomy":"product_tag","embeddable":true,"href":"https:\/\/games.tactic.net\/no\/wp-json\/wp\/v2\/product_tag?post=203874"},{"taxonomy":"brand","embeddable":true,"href":"https:\/\/games.tactic.net\/no\/wp-json\/wp\/v2\/brand?post=203874"},{"taxonomy":"target-group","embeddable":true,"href":"https:\/\/games.tactic.net\/no\/wp-json\/wp\/v2\/target-group?post=203874"},{"taxonomy":"discontinued","embeddable":true,"href":"https:\/\/games.tactic.net\/no\/wp-json\/wp\/v2\/discontinued?post=203874"}],"curies":[{"name":"wp","href":"https:\/\/api.w.org\/{rel}","templated":true}]}}