{"id":203859,"date":"2021-10-05T10:42:36","date_gmt":"2021-10-05T07:42:36","guid":{"rendered":"http:\/\/dev.tactic.net\/tuote\/deluxe-5-i-1\/"},"modified":"2023-09-27T11:23:53","modified_gmt":"2023-09-27T08:23:53","slug":"deluxe-5-i-1","status":"publish","type":"product","link":"https:\/\/games.tactic.net\/no\/tuote\/deluxe-5-i-1\/","title":{"rendered":"Deluxe 5 i 1"},"content":{"rendered":"<p>Inneholder 5 av verdens mest popul\u00e6re spill! Chess, Checkers, Backgammon, TicTacToe, Domino Kommer med spillkomponenter av h\u00f8y kvalitet og klare regler. Tinnboksen er slitesterk og enkel \u00e5 oppbevare.<\/p>\n","protected":false},"excerpt":{"rendered":"<p>Inneholder 5 av verdens mest popul\u00e6re spill!<\/p>\n","protected":false},"featured_media":0,"template":"","meta":{"content-type":"","_monsterinsights_skip_tracking":false,"_monsterinsights_sitenote_active":false,"_monsterinsights_sitenote_note":"","_monsterinsights_sitenote_category":0},"product_brand":[],"product_cat":[1599,1610],"product_tag":[1239,974,969],"brand":[],"target-group":[],"discontinued":[],"class_list":{"0":"post-203859","1":"product","2":"type-product","3":"status-publish","5":"product_cat-klassiske-spill-familiespill","6":"product_cat-klassiske-spill-voksenspill","7":"product_tag-strategi-no","8":"product_tag-taktikk","9":"product_tag-tidsfordriv-2","11":"first","12":"instock","13":"taxable","14":"shipping-taxable","15":"product-type-simple"},"aioseo_notices":[],"_links":{"self":[{"href":"https:\/\/games.tactic.net\/no\/wp-json\/wp\/v2\/product\/203859","targetHints":{"allow":["GET"]}}],"collection":[{"href":"https:\/\/games.tactic.net\/no\/wp-json\/wp\/v2\/product"}],"about":[{"href":"https:\/\/games.tactic.net\/no\/wp-json\/wp\/v2\/types\/product"}],"wp:attachment":[{"href":"https:\/\/games.tactic.net\/no\/wp-json\/wp\/v2\/media?parent=203859"}],"wp:term":[{"taxonomy":"product_brand","embeddable":true,"href":"https:\/\/games.tactic.net\/no\/wp-json\/wp\/v2\/product_brand?post=203859"},{"taxonomy":"product_cat","embeddable":true,"href":"https:\/\/games.tactic.net\/no\/wp-json\/wp\/v2\/product_cat?post=203859"},{"taxonomy":"product_tag","embeddable":true,"href":"https:\/\/games.tactic.net\/no\/wp-json\/wp\/v2\/product_tag?post=203859"},{"taxonomy":"brand","embeddable":true,"href":"https:\/\/games.tactic.net\/no\/wp-json\/wp\/v2\/brand?post=203859"},{"taxonomy":"target-group","embeddable":true,"href":"https:\/\/games.tactic.net\/no\/wp-json\/wp\/v2\/target-group?post=203859"},{"taxonomy":"discontinued","embeddable":true,"href":"https:\/\/games.tactic.net\/no\/wp-json\/wp\/v2\/discontinued?post=203859"}],"curies":[{"name":"wp","href":"https:\/\/api.w.org\/{rel}","templated":true}]}}