{"id":203829,"date":"2021-10-05T10:40:55","date_gmt":"2021-10-05T07:40:55","guid":{"rendered":"http:\/\/dev.tactic.net\/tuote\/deluxe-kalaha\/"},"modified":"2023-09-27T11:22:43","modified_gmt":"2023-09-27T08:22:43","slug":"deluxe-kalaha","status":"publish","type":"product","link":"https:\/\/games.tactic.net\/no\/tuote\/deluxe-kalaha\/","title":{"rendered":"Deluxe Kalaha"},"content":{"rendered":"<p>S\u00e5 fr\u00f8ene dine rundt spillbrettet og pr\u00f8v \u00e5 fange din motstanders. Spilleren som fanger flest av motstanderens fr\u00f8 vinner spillet. Spillebrett: 45,5&#215;13,5&#215;1,8 cm.<\/p>\n","protected":false},"excerpt":{"rendered":"<p>S\u00e5 fr\u00f8ene dine rundt spillbrettet og pr\u00f8v \u00e5 fange din motstanders. Spilleren som fanger flest av motstanderens fr\u00f8 vinner spillet.<\/p>\n","protected":false},"featured_media":0,"template":"","meta":{"content-type":"","_monsterinsights_skip_tracking":false,"_monsterinsights_sitenote_active":false,"_monsterinsights_sitenote_note":"","_monsterinsights_sitenote_category":0},"product_brand":[],"product_cat":[1610,1599],"product_tag":[383,974],"brand":[],"target-group":[],"discontinued":[],"class_list":{"0":"post-203829","1":"product","2":"type-product","3":"status-publish","5":"product_cat-klassiske-spill-voksenspill","6":"product_cat-klassiske-spill-familiespill","7":"product_tag-ferdighet","8":"product_tag-taktikk","10":"first","11":"instock","12":"taxable","13":"shipping-taxable","14":"product-type-simple"},"aioseo_notices":[],"_links":{"self":[{"href":"https:\/\/games.tactic.net\/no\/wp-json\/wp\/v2\/product\/203829","targetHints":{"allow":["GET"]}}],"collection":[{"href":"https:\/\/games.tactic.net\/no\/wp-json\/wp\/v2\/product"}],"about":[{"href":"https:\/\/games.tactic.net\/no\/wp-json\/wp\/v2\/types\/product"}],"wp:attachment":[{"href":"https:\/\/games.tactic.net\/no\/wp-json\/wp\/v2\/media?parent=203829"}],"wp:term":[{"taxonomy":"product_brand","embeddable":true,"href":"https:\/\/games.tactic.net\/no\/wp-json\/wp\/v2\/product_brand?post=203829"},{"taxonomy":"product_cat","embeddable":true,"href":"https:\/\/games.tactic.net\/no\/wp-json\/wp\/v2\/product_cat?post=203829"},{"taxonomy":"product_tag","embeddable":true,"href":"https:\/\/games.tactic.net\/no\/wp-json\/wp\/v2\/product_tag?post=203829"},{"taxonomy":"brand","embeddable":true,"href":"https:\/\/games.tactic.net\/no\/wp-json\/wp\/v2\/brand?post=203829"},{"taxonomy":"target-group","embeddable":true,"href":"https:\/\/games.tactic.net\/no\/wp-json\/wp\/v2\/target-group?post=203829"},{"taxonomy":"discontinued","embeddable":true,"href":"https:\/\/games.tactic.net\/no\/wp-json\/wp\/v2\/discontinued?post=203829"}],"curies":[{"name":"wp","href":"https:\/\/api.w.org\/{rel}","templated":true}]}}