{"id":203799,"date":"2021-10-05T10:39:23","date_gmt":"2021-10-05T07:39:23","guid":{"rendered":"http:\/\/dev.tactic.net\/tuote\/domino-double-6\/"},"modified":"2023-10-17T19:04:26","modified_gmt":"2023-10-17T16:04:26","slug":"domino-double-6","status":"publish","type":"product","link":"https:\/\/games.tactic.net\/no\/tuote\/domino-double-6\/","title":{"rendered":"Domino Double 6 board game"},"content":{"rendered":"<p>Denne nye utgaven bringer moroa tilbake til dominospillingen. Legg ned brikkene i lange rekker og pr\u00f8v \u00e5 bli den f\u00f8rste til \u00e5 kvitte seg med alle brikkene dine. Kommer i en slitesterk tinnboks med vindu. De fargede prikkene p\u00e5 brikkene gj\u00f8r det enklere for alle \u00e5 spille. De klare reglene gj\u00f8r spillet enkelt ogs\u00e5 for nybegynnere. Inneholder 28 dominobrikker<\/p>\n","protected":false},"excerpt":{"rendered":"<p>Denne nye utgaven bringer moroa tilbake til dominospillingen. Legg ned brikkene i lange rekker og pr\u00f8v \u00e5 bli den f\u00f8rste til \u00e5 kvitte seg med alle brikkene dine.<\/p>\n","protected":false},"featured_media":0,"template":"","meta":{"content-type":"","_monsterinsights_skip_tracking":false,"_monsterinsights_sitenote_active":false,"_monsterinsights_sitenote_note":"","_monsterinsights_sitenote_category":0},"product_brand":[],"product_cat":[1599,1610],"product_tag":[1233,1239],"brand":[],"target-group":[],"discontinued":[],"class_list":{"0":"post-203799","1":"product","2":"type-product","3":"status-publish","5":"product_cat-klassiske-spill-familiespill","6":"product_cat-klassiske-spill-voksenspill","7":"product_tag-kombinere-no","8":"product_tag-strategi-no","10":"first","11":"instock","12":"taxable","13":"shipping-taxable","14":"product-type-simple"},"aioseo_notices":[],"_links":{"self":[{"href":"https:\/\/games.tactic.net\/no\/wp-json\/wp\/v2\/product\/203799","targetHints":{"allow":["GET"]}}],"collection":[{"href":"https:\/\/games.tactic.net\/no\/wp-json\/wp\/v2\/product"}],"about":[{"href":"https:\/\/games.tactic.net\/no\/wp-json\/wp\/v2\/types\/product"}],"wp:attachment":[{"href":"https:\/\/games.tactic.net\/no\/wp-json\/wp\/v2\/media?parent=203799"}],"wp:term":[{"taxonomy":"product_brand","embeddable":true,"href":"https:\/\/games.tactic.net\/no\/wp-json\/wp\/v2\/product_brand?post=203799"},{"taxonomy":"product_cat","embeddable":true,"href":"https:\/\/games.tactic.net\/no\/wp-json\/wp\/v2\/product_cat?post=203799"},{"taxonomy":"product_tag","embeddable":true,"href":"https:\/\/games.tactic.net\/no\/wp-json\/wp\/v2\/product_tag?post=203799"},{"taxonomy":"brand","embeddable":true,"href":"https:\/\/games.tactic.net\/no\/wp-json\/wp\/v2\/brand?post=203799"},{"taxonomy":"target-group","embeddable":true,"href":"https:\/\/games.tactic.net\/no\/wp-json\/wp\/v2\/target-group?post=203799"},{"taxonomy":"discontinued","embeddable":true,"href":"https:\/\/games.tactic.net\/no\/wp-json\/wp\/v2\/discontinued?post=203799"}],"curies":[{"name":"wp","href":"https:\/\/api.w.org\/{rel}","templated":true}]}}