{"id":203784,"date":"2021-10-05T10:38:48","date_gmt":"2021-10-05T07:38:48","guid":{"rendered":"http:\/\/dev.tactic.net\/tuote\/mexican-train\/"},"modified":"2025-11-21T08:15:00","modified_gmt":"2025-11-21T06:15:00","slug":"mexican-train","status":"publish","type":"product","link":"https:\/\/games.tactic.net\/no\/tuote\/mexican-train\/","title":{"rendered":"Mexican Train board game"},"content":{"rendered":"<p>Oppdag hvorfor det meksikanske toget er det mest popul\u00e6re dominospillet i verden! Bygg en kjede for \u00e5 lage toget ditt. Begynn \u00e5 bygge ditt eget dominotog eller legg til dominoer p\u00e5 det meksikanske toget. Hvis du er den f\u00f8rste spilleren som kvitter seg med alle dominoene dine, vinner du spillet!<\/p>\n","protected":false},"excerpt":{"rendered":"<p>Bygg ut ditt eget dominotog eller legg brikker til Mexican Train. Hvis du er f\u00f8rste spiller som kvitter deg med alle dominoene, vinner du spillet!<\/p>\n","protected":false},"featured_media":0,"template":"","meta":{"content-type":"","_monsterinsights_skip_tracking":false,"_monsterinsights_sitenote_active":false,"_monsterinsights_sitenote_note":"","_monsterinsights_sitenote_category":0},"product_brand":[],"product_cat":[1599,1610],"product_tag":[1233,1239,969],"brand":[],"target-group":[],"discontinued":[],"class_list":{"0":"post-203784","1":"product","2":"type-product","3":"status-publish","5":"product_cat-klassiske-spill-familiespill","6":"product_cat-klassiske-spill-voksenspill","7":"product_tag-kombinere-no","8":"product_tag-strategi-no","9":"product_tag-tidsfordriv-2","11":"first","12":"instock","13":"taxable","14":"shipping-taxable","15":"product-type-simple"},"aioseo_notices":[],"_links":{"self":[{"href":"https:\/\/games.tactic.net\/no\/wp-json\/wp\/v2\/product\/203784","targetHints":{"allow":["GET"]}}],"collection":[{"href":"https:\/\/games.tactic.net\/no\/wp-json\/wp\/v2\/product"}],"about":[{"href":"https:\/\/games.tactic.net\/no\/wp-json\/wp\/v2\/types\/product"}],"wp:attachment":[{"href":"https:\/\/games.tactic.net\/no\/wp-json\/wp\/v2\/media?parent=203784"}],"wp:term":[{"taxonomy":"product_brand","embeddable":true,"href":"https:\/\/games.tactic.net\/no\/wp-json\/wp\/v2\/product_brand?post=203784"},{"taxonomy":"product_cat","embeddable":true,"href":"https:\/\/games.tactic.net\/no\/wp-json\/wp\/v2\/product_cat?post=203784"},{"taxonomy":"product_tag","embeddable":true,"href":"https:\/\/games.tactic.net\/no\/wp-json\/wp\/v2\/product_tag?post=203784"},{"taxonomy":"brand","embeddable":true,"href":"https:\/\/games.tactic.net\/no\/wp-json\/wp\/v2\/brand?post=203784"},{"taxonomy":"target-group","embeddable":true,"href":"https:\/\/games.tactic.net\/no\/wp-json\/wp\/v2\/target-group?post=203784"},{"taxonomy":"discontinued","embeddable":true,"href":"https:\/\/games.tactic.net\/no\/wp-json\/wp\/v2\/discontinued?post=203784"}],"curies":[{"name":"wp","href":"https:\/\/api.w.org\/{rel}","templated":true}]}}