{"id":203712,"date":"2021-10-05T10:36:42","date_gmt":"2021-10-05T07:36:42","guid":{"rendered":"http:\/\/dev.tactic.net\/tuote\/trendy-tower\/"},"modified":"2023-09-27T11:21:47","modified_gmt":"2023-09-27T08:21:47","slug":"trendy-tower","status":"publish","type":"product","link":"https:\/\/games.tactic.net\/no\/tuote\/trendy-tower\/","title":{"rendered":"Trendy Tower board game"},"content":{"rendered":"<p>Stabl klossene i et h\u00f8yt t\u00e5rn. Deretter skal en pr\u00f8ve \u00e5 fjerne en kloss fra t\u00e5rnet og plassere den p\u00e5 toppen. Spillerne som f\u00e5r t\u00e5rnet til \u00e5 rase taper!<\/p>\n","protected":false},"excerpt":{"rendered":"<p>Stabl klossene i et h\u00f8yt t\u00e5rn. Deretter skal en pr\u00f8ve \u00e5 fjerne en kloss fra t\u00e5rnet og plassere den p\u00e5 toppen. Spillerne som f\u00e5r t\u00e5rnet til \u00e5 rase taper!<\/p>\n","protected":false},"featured_media":0,"template":"","meta":{"content-type":"","_monsterinsights_skip_tracking":false,"_monsterinsights_sitenote_active":false,"_monsterinsights_sitenote_note":"","_monsterinsights_sitenote_category":0},"product_brand":[],"product_cat":[1599,1610],"product_tag":[1251,969],"brand":[],"target-group":[],"discontinued":[],"class_list":{"0":"post-203712","1":"product","2":"type-product","3":"status-publish","5":"product_cat-klassiske-spill-familiespill","6":"product_cat-klassiske-spill-voksenspill","7":"product_tag-ferdighet-no","8":"product_tag-tidsfordriv-2","10":"first","11":"instock","12":"taxable","13":"shipping-taxable","14":"product-type-simple"},"aioseo_notices":[],"_links":{"self":[{"href":"https:\/\/games.tactic.net\/no\/wp-json\/wp\/v2\/product\/203712","targetHints":{"allow":["GET"]}}],"collection":[{"href":"https:\/\/games.tactic.net\/no\/wp-json\/wp\/v2\/product"}],"about":[{"href":"https:\/\/games.tactic.net\/no\/wp-json\/wp\/v2\/types\/product"}],"wp:attachment":[{"href":"https:\/\/games.tactic.net\/no\/wp-json\/wp\/v2\/media?parent=203712"}],"wp:term":[{"taxonomy":"product_brand","embeddable":true,"href":"https:\/\/games.tactic.net\/no\/wp-json\/wp\/v2\/product_brand?post=203712"},{"taxonomy":"product_cat","embeddable":true,"href":"https:\/\/games.tactic.net\/no\/wp-json\/wp\/v2\/product_cat?post=203712"},{"taxonomy":"product_tag","embeddable":true,"href":"https:\/\/games.tactic.net\/no\/wp-json\/wp\/v2\/product_tag?post=203712"},{"taxonomy":"brand","embeddable":true,"href":"https:\/\/games.tactic.net\/no\/wp-json\/wp\/v2\/brand?post=203712"},{"taxonomy":"target-group","embeddable":true,"href":"https:\/\/games.tactic.net\/no\/wp-json\/wp\/v2\/target-group?post=203712"},{"taxonomy":"discontinued","embeddable":true,"href":"https:\/\/games.tactic.net\/no\/wp-json\/wp\/v2\/discontinued?post=203712"}],"curies":[{"name":"wp","href":"https:\/\/api.w.org\/{rel}","templated":true}]}}