{"id":203697,"date":"2021-10-05T10:36:18","date_gmt":"2021-10-05T07:36:18","guid":{"rendered":"http:\/\/dev.tactic.net\/tuote\/trendy-mikado\/"},"modified":"2025-08-08T09:01:32","modified_gmt":"2025-08-08T06:01:32","slug":"trendy-mikado","status":"archive","type":"product","link":"https:\/\/games.tactic.net\/no\/tuote\/trendy-mikado\/","title":{"rendered":"Trendy Mikado board game"},"content":{"rendered":"<p>Plukk \u00e9n Mikadopinne fra haugen om gangen, men v\u00e6r forsiktig s\u00e5 du ikke beveger noen av de andre.<\/p>\n","protected":false},"excerpt":{"rendered":"<p>Plukk \u00e9n Mikadopinne fra haugen om gangen, men v\u00e6r forsiktig s\u00e5 du ikke beveger noen av de andre.<\/p>\n","protected":false},"featured_media":0,"template":"","meta":{"content-type":"","_monsterinsights_skip_tracking":false,"_monsterinsights_sitenote_active":false,"_monsterinsights_sitenote_note":"","_monsterinsights_sitenote_category":0},"product_brand":[],"product_cat":[1610,1599],"product_tag":[969],"brand":[],"target-group":[],"discontinued":[],"class_list":{"0":"post-203697","1":"product","2":"type-product","3":"status-archive","5":"product_cat-klassiske-spill-voksenspill","6":"product_cat-klassiske-spill-familiespill","7":"product_tag-tidsfordriv-2","9":"first","10":"outofstock","11":"taxable","12":"shipping-taxable","13":"product-type-simple"},"aioseo_notices":[],"_links":{"self":[{"href":"https:\/\/games.tactic.net\/no\/wp-json\/wp\/v2\/product\/203697","targetHints":{"allow":["GET"]}}],"collection":[{"href":"https:\/\/games.tactic.net\/no\/wp-json\/wp\/v2\/product"}],"about":[{"href":"https:\/\/games.tactic.net\/no\/wp-json\/wp\/v2\/types\/product"}],"wp:attachment":[{"href":"https:\/\/games.tactic.net\/no\/wp-json\/wp\/v2\/media?parent=203697"}],"wp:term":[{"taxonomy":"product_brand","embeddable":true,"href":"https:\/\/games.tactic.net\/no\/wp-json\/wp\/v2\/product_brand?post=203697"},{"taxonomy":"product_cat","embeddable":true,"href":"https:\/\/games.tactic.net\/no\/wp-json\/wp\/v2\/product_cat?post=203697"},{"taxonomy":"product_tag","embeddable":true,"href":"https:\/\/games.tactic.net\/no\/wp-json\/wp\/v2\/product_tag?post=203697"},{"taxonomy":"brand","embeddable":true,"href":"https:\/\/games.tactic.net\/no\/wp-json\/wp\/v2\/brand?post=203697"},{"taxonomy":"target-group","embeddable":true,"href":"https:\/\/games.tactic.net\/no\/wp-json\/wp\/v2\/target-group?post=203697"},{"taxonomy":"discontinued","embeddable":true,"href":"https:\/\/games.tactic.net\/no\/wp-json\/wp\/v2\/discontinued?post=203697"}],"curies":[{"name":"wp","href":"https:\/\/api.w.org\/{rel}","templated":true}]}}