{"id":203682,"date":"2021-10-05T10:35:19","date_gmt":"2021-10-05T07:35:19","guid":{"rendered":"http:\/\/dev.tactic.net\/tuote\/trendy-yatzy\/"},"modified":"2026-02-19T10:47:26","modified_gmt":"2026-02-19T08:47:26","slug":"trendy-yatzy","status":"archive","type":"product","link":"https:\/\/games.tactic.net\/no\/tuote\/trendy-yatzy\/","title":{"rendered":"Trendy Yatzy dice game"},"content":{"rendered":"<p>Hvis spillsamlingen din mangler en tidl\u00f8s og stilfull klassiker som alltid hentes fram p\u00e5 bordet, er du ute etter Yatzy. P\u00e5 turen sin f\u00e5r spilleren tre sjanser til \u00e5 kaste ulike kombinasjoner p\u00e5 de fem terningene og f\u00e5 h\u00f8yest mulig poengsum. For \u00e5 vinne i Yatzy trenger du flaks og en anelse strategi, og du vil alltid spille \u00e9n omgang til. Og \u00e9n omgang til \u2026<\/p>\n","protected":false},"excerpt":{"rendered":"<p>Hvis spillsamlingen din mangler en tidl\u00f8s og stilfull klassiker som alltid hentes fram p\u00e5 bordet, er du ute etter Yatzy. P\u00e5 turen sin f\u00e5r spilleren tre sjanser til \u00e5 kaste ulike kombinasjoner p\u00e5 de fem terningene og f\u00e5 h\u00f8yest mulig poengsum. For \u00e5 vinne i Yatzy trenger du flaks og en anelse strategi, og du [&hellip;]<\/p>\n","protected":false},"featured_media":0,"template":"","meta":{"content-type":"","_monsterinsights_skip_tracking":false,"_monsterinsights_sitenote_active":false,"_monsterinsights_sitenote_note":"","_monsterinsights_sitenote_category":0},"product_brand":[],"product_cat":[1611,1612],"product_tag":[358,1003],"brand":[],"target-group":[],"discontinued":[],"class_list":{"0":"post-203682","1":"product","2":"type-product","3":"status-archive","5":"product_cat-kort-og-terningspill-familiespill","6":"product_cat-kort-og-terningspill-andre-spill","7":"product_tag-beregning","8":"product_tag-hell","10":"first","11":"outofstock","12":"taxable","13":"shipping-taxable","14":"product-type-simple"},"aioseo_notices":[],"_links":{"self":[{"href":"https:\/\/games.tactic.net\/no\/wp-json\/wp\/v2\/product\/203682","targetHints":{"allow":["GET"]}}],"collection":[{"href":"https:\/\/games.tactic.net\/no\/wp-json\/wp\/v2\/product"}],"about":[{"href":"https:\/\/games.tactic.net\/no\/wp-json\/wp\/v2\/types\/product"}],"wp:attachment":[{"href":"https:\/\/games.tactic.net\/no\/wp-json\/wp\/v2\/media?parent=203682"}],"wp:term":[{"taxonomy":"product_brand","embeddable":true,"href":"https:\/\/games.tactic.net\/no\/wp-json\/wp\/v2\/product_brand?post=203682"},{"taxonomy":"product_cat","embeddable":true,"href":"https:\/\/games.tactic.net\/no\/wp-json\/wp\/v2\/product_cat?post=203682"},{"taxonomy":"product_tag","embeddable":true,"href":"https:\/\/games.tactic.net\/no\/wp-json\/wp\/v2\/product_tag?post=203682"},{"taxonomy":"brand","embeddable":true,"href":"https:\/\/games.tactic.net\/no\/wp-json\/wp\/v2\/brand?post=203682"},{"taxonomy":"target-group","embeddable":true,"href":"https:\/\/games.tactic.net\/no\/wp-json\/wp\/v2\/target-group?post=203682"},{"taxonomy":"discontinued","embeddable":true,"href":"https:\/\/games.tactic.net\/no\/wp-json\/wp\/v2\/discontinued?post=203682"}],"curies":[{"name":"wp","href":"https:\/\/api.w.org\/{rel}","templated":true}]}}